
{"id":10646,"date":"2023-12-14T22:31:13","date_gmt":"2023-12-14T22:31:13","guid":{"rendered":"https:\/\/www.natural-ks.com\/?page_id=10646"},"modified":"2023-12-22T23:19:15","modified_gmt":"2023-12-22T23:19:15","slug":"rregullore","status":"publish","type":"page","link":"https:\/\/natural-ks.com\/sq\/rregullore\/","title":{"rendered":"Rregullore"},"content":{"rendered":"\t\t<div data-elementor-type=\"wp-page\" data-elementor-id=\"10646\" class=\"elementor elementor-10646 elementor-10322\">\n\t\t\t\t\t\t\t\t\t<section class=\"elementor-section elementor-top-section elementor-element elementor-element-177d56ac elementor-section-full_width elementor-section-stretched elementor-section-height-default elementor-section-height-default\" data-id=\"177d56ac\" data-element_type=\"section\" data-settings=\"{&quot;stretch_section&quot;:&quot;section-stretched&quot;}\">\n\t\t\t\t\t\t<div class=\"elementor-container elementor-column-gap-default\">\n\t\t\t\t\t<div class=\"elementor-column elementor-col-100 elementor-top-column elementor-element elementor-element-547ddb6c\" data-id=\"547ddb6c\" data-element_type=\"column\">\n\t\t\t<div class=\"elementor-widget-wrap\">\n\t\t\t\t\t\t\t\t\t<\/div>\n\t\t<\/div>\n\t\t\t\t\t\t\t<\/div>\n\t\t<\/section>\n\t\t\t\t<section class=\"elementor-section elementor-top-section elementor-element elementor-element-6fa2d16e elementor-section-height-min-height elementor-section-boxed elementor-section-height-default elementor-section-items-middle\" data-id=\"6fa2d16e\" data-element_type=\"section\" data-settings=\"{&quot;background_background&quot;:&quot;classic&quot;}\">\n\t\t\t\t\t\t<div class=\"elementor-container elementor-column-gap-default\">\n\t\t\t\t\t<div class=\"elementor-column elementor-col-100 elementor-top-column elementor-element elementor-element-772ebe18\" data-id=\"772ebe18\" data-element_type=\"column\">\n\t\t\t<div class=\"elementor-widget-wrap\">\n\t\t\t\t\t\t\t\t\t<\/div>\n\t\t<\/div>\n\t\t\t\t\t\t\t<\/div>\n\t\t<\/section>\n\t\t\t\t<section class=\"elementor-section elementor-top-section elementor-element elementor-element-3251004b elementor-section-boxed elementor-section-height-default elementor-section-height-default\" data-id=\"3251004b\" data-element_type=\"section\">\n\t\t\t\t\t\t<div class=\"elementor-container elementor-column-gap-default\">\n\t\t\t\t\t<div class=\"elementor-column elementor-col-100 elementor-top-column elementor-element elementor-element-69b0bacc\" data-id=\"69b0bacc\" data-element_type=\"column\">\n\t\t\t<div class=\"elementor-widget-wrap elementor-element-populated\">\n\t\t\t\t\t\t\t\t<div class=\"elementor-element elementor-element-715baaad elementor-widget elementor-widget-qi_addons_for_elementor_animated_text\" data-id=\"715baaad\" data-element_type=\"widget\" data-widget_type=\"qi_addons_for_elementor_animated_text.default\">\n\t\t\t\t<div class=\"elementor-widget-container\">\n\t\t\t<div class=\"qodef-shortcode qodef-m  qodef-qi-animated-text qodef--animated-by-letter qodef--alignment-left qodef-qi--has-appear qodef--appear-from-right\" >\n\t\t<h1 class=\"qodef-m-title\">\n\t\t<span class=\"qodef-e-word-holder\">Rregullore<\/span>\t<\/h1>\n<\/div>\n\t\t<\/div>\n\t\t\t\t<\/div>\n\t\t\t\t\t<\/div>\n\t\t<\/div>\n\t\t\t\t\t\t\t<\/div>\n\t\t<\/section>\n\t\t\t\t<section class=\"elementor-section elementor-top-section elementor-element elementor-element-3bfb7d76 elementor-section-boxed elementor-section-height-default elementor-section-height-default\" data-id=\"3bfb7d76\" data-element_type=\"section\">\n\t\t\t\t\t\t<div class=\"elementor-container elementor-column-gap-default\">\n\t\t\t\t\t<div class=\"elementor-column elementor-col-100 elementor-top-column elementor-element elementor-element-575a4413\" data-id=\"575a4413\" data-element_type=\"column\">\n\t\t\t<div class=\"elementor-widget-wrap elementor-element-populated\">\n\t\t\t\t\t\t\t\t<div class=\"elementor-element elementor-element-46132293 elementor-widget elementor-widget-text-editor\" data-id=\"46132293\" data-element_type=\"widget\" data-widget_type=\"text-editor.default\">\n\t\t\t\t<div class=\"elementor-widget-container\">\n\t\t\t<style>\/*! elementor - v3.18.0 - 20-12-2023 *\/\n.elementor-widget-text-editor.elementor-drop-cap-view-stacked .elementor-drop-cap{background-color:#69727d;color:#fff}.elementor-widget-text-editor.elementor-drop-cap-view-framed .elementor-drop-cap{color:#69727d;border:3px solid;background-color:transparent}.elementor-widget-text-editor:not(.elementor-drop-cap-view-default) .elementor-drop-cap{margin-top:8px}.elementor-widget-text-editor:not(.elementor-drop-cap-view-default) .elementor-drop-cap-letter{width:1em;height:1em}.elementor-widget-text-editor .elementor-drop-cap{float:left;text-align:center;line-height:1;font-size:50px}.elementor-widget-text-editor .elementor-drop-cap-letter{display:inline-block}<\/style>\t\t\t\t<ul><li><b>PARIMET<\/b><strong> E P\u00cbRGJITHSHME<\/strong><\/li><\/ul><ol><li>Fakti i hyrjes n\u00eb nd\u00ebrmarrje p\u00ebrfshin detyrimin p\u00ebr t\u00eb respektuar k\u00ebto rregulla dhe v\u00ebzhgimet e personelit.<\/li><li>Rendi dhe mir\u00ebsjellja duhet t\u00eb respektohen gjat\u00eb gjith\u00eb koh\u00ebs nga klient\u00ebt tan\u00eb.<\/li><\/ol><ul><li><strong>QASJA N\u00cb OBJEKT<\/strong><\/li><\/ul><ol><li>Vet\u00ebm personat me pages\u00eb t\u00eb vlefshme hyrjeje (\u00e7ip, kart\u00eb abonimi) mund t\u00eb ken\u00eb \u00a0qasje ne qendr\u00ebn ton\u00eb.<\/li><li>F\u00ebmij\u00ebt jan\u00eb t\u00eb mir\u00ebpritur nga \u00e7do mosh\u00eb, por n\u00ebn 18 vje\u00e7 duhet t\u00eb shoq\u00ebrohen nga nj\u00eb i rritur dhe t\u00eb mbeten n\u00ebn p\u00ebrgjegj\u00ebsin\u00eb e k\u00ebtij personi.<\/li><li>Ndalohet frekuentimi i ambienteve t\u00eb personave me s\u00ebmundje ngjit\u00ebse t\u00eb l\u00ebkur\u00ebs.<\/li><li>Personat me histori t\u00eb s\u00ebmundjeve kardiovaskulare duhet t\u00eb k\u00ebrkojn\u00eb mendimin e mjekut t\u00eb tyre p\u00ebrpara se t\u00eb hyjn\u00eb n\u00eb qendr\u00ebn ton\u00eb. Me qasje n\u00eb pishin\u00eb, klienti konfirmon se \u00ebsht\u00eb i sh\u00ebndetsh\u00ebm dhe nuk shkel asnj\u00eb recet\u00eb mjek\u00ebsore q\u00eb ndalon hyrjen n\u00eb nj\u00eb institucion t\u00eb till\u00eb.<\/li><li>P\u00ebr kodin e veshjes brenda Natural Pool &amp; Spa, ju kujtojm\u00eb se p\u00ebr arsye higjienike dhe p\u00ebr t\u00eb shijuar efektet e ujit termal:<ol><li>\u00cbsht\u00eb e detyrueshme t\u00eb vishni rroba banje.<\/li><li>Veshja e kapel\u00ebs s\u00eb notit \u00ebsht\u00eb e autorizuar.<\/li><li>Veshjet provokuese apo pa rroba banje jan\u00eb t\u00eb ndaluara.<\/li><li>Mos ecni zbathur, p\u00ebrdorni pantofla t\u00eb\u00a0qendr\u00ebs Spa.<\/li><\/ol><\/li><li>Qasja n\u00eb objekte \u00ebsht\u00eb e ndaluar p\u00ebrtej orarit t\u00eb pun\u00ebs.<\/li><li>Kafsh\u00ebt jan\u00eb t\u00eb ndaluara.<\/li><li>N\u00eb rast nevoje, p\u00ebrdorimi i t\u00eb gjitha ose nj\u00eb pjese t\u00eb pishinave mund t\u00eb ndalohet p\u00ebrkoh\u00ebsisht pa ulje ose rimbursim t\u00eb \u00e7mimit.<\/li><\/ol><ul><li><strong>RREGULLAT E SJELLJES<\/strong><\/li><\/ul><ol><li>\u00cbsht\u00eb e detyrueshme t\u00eb b\u00ebni dush p\u00ebrpara se t\u00eb hyni n\u00eb zon\u00ebn e pishinave.<\/li><li>Vrapimi, k\u00ebrcimi, zhytja, shtyrja e njer\u00ebzve n\u00eb uj\u00eb \u00ebsht\u00eb e ndaluar.<\/li><li>Ndalohet hyrja n\u00eb uj\u00eb me fasha.<\/li><li>\u00cbsht\u00eb e ndaluar loja me top.<\/li><li>Heshtja duhet respektuar, ve\u00e7an\u00ebrisht n\u00eb sauna\/banjo turke dhe dhoma pushimi.<\/li><li>Ndalohet pikniku, sjellja e pijeve apo ushqimeve nga jasht.<\/li><li>Radiot ose televizori portativ dhe \u00e7do tingull i traktit riprodhues jan\u00eb t\u00eb ndaluara.<\/li><li>\u00cbsht\u00eb e ndaluar t\u00eb zhvisheni apo t\u00eb visheni jasht\u00eb kabinave dhe t&#8217;i depozitoni rrobat diku tjet\u00ebr p\u00ebrve\u00e7 dollap\u00ebve.<\/li><li>K\u00ebpuc\u00ebt dhe sandalet jan\u00eb t\u00eb ndaluara jasht\u00eb dhomave t\u00eb zhveshjes dhe ambienteve t\u00eb dushit.<\/li><li>Ndalohet konsumimi i duhanit brenda ambienteve.<\/li><li>Ndalohet \u00e7do sjellje n\u00eb kund\u00ebrshtim me moralin (ekspozimi ose \u00e7do sjellje tjet\u00ebr me karakter seksual)<\/li><\/ol><ul><li><strong>P\u00cbRGJEGJ\u00cbSIA E P\u00cbRDORIMIT<\/strong><\/li><\/ul><ol><li>\u00c7do d\u00ebmtim i objekteve do t\u00eb ngarkohet me p\u00ebrgjegj\u00ebsin\u00eb e p\u00ebrdoruesit. Qendra ka t\u00eb drejt\u00eb t\u00eb vendos\u00eb sanksione ndaj personit p\u00ebrgjegj\u00ebs p\u00ebr shembull ndalimi i p\u00ebrdorimit t\u00eb pishin\u00ebs apo edhe denoncimi i personit n\u00eb organet kompetente.<\/li><li>Dollap\u00ebt me kode vihen n\u00eb dispozicion t\u00eb p\u00ebrdoruesve. N\u00eb rast harrese, ju lutem paraqituni n\u00eb recepsion.<\/li><\/ol><ul><li><b>P\u00cbRGJEGJ\u00cbSIA N\u00cb RAST AKSIDENT<\/b><\/li><\/ul><ol><li>Natural Pool &amp; Spa refuzon \u00e7do p\u00ebrgjegj\u00ebsi n\u00eb rast aksidenti.<\/li><\/ol><ul><li><b>SENDET E VJEDHURA, T\u00cb\u00a0HUMBURA DHE T\u00cb GJETURA<\/b><\/li><\/ul><ol><li>Natural Pool &amp; Spa nuk japim p\u00ebrgjegj\u00ebs p\u00ebr asnj\u00eb\u00a0vjedhje t\u00eb kryer brenda objektit.<\/li><li>Rekomandohet\u00a0 t\u00eb mos lini asnj\u00eb send me vler\u00eb n\u00eb dhomat e zhveshjes ose n\u00eb dollap\u00ebt.<\/li><li>Gj\u00ebrat e humbura dhe t\u00eb gjetura duhet t\u00eb kthehen\/k\u00ebrkohen menj\u00ebher\u00eb pas marrjes tek recepsioni. Natural Pool &amp; Spa rezervon t\u00eb drejt\u00ebn p\u00ebr t\u00eb asgj\u00ebsuar \u00e7do objekt apo efekt t\u00eb pak\u00ebrkuar brenda 60 dit\u00ebve pas humbjes.<\/li><li>\u00c7do person q\u00eb kapet n\u00eb flagranc\u00eb p\u00ebr vjedhje do t\u00eb denoncohet n\u00eb polici.<\/li><li>Abonimet e vjedhura ose t\u00eb humbura nuk do t\u00eb z\u00ebvend\u00ebsohen.<\/li><\/ol>\t\t\t\t\t\t<\/div>\n\t\t\t\t<\/div>\n\t\t\t\t\t<\/div>\n\t\t<\/div>\n\t\t\t\t\t\t\t<\/div>\n\t\t<\/section>\n\t\t\t\t\t\t\t<\/div>\n\t\t","protected":false},"excerpt":{"rendered":"<p>Rregullore PARIMET E P\u00cbRGJITHSHME Fakti i hyrjes n\u00eb nd\u00ebrmarrje p\u00ebrfshin detyrimin p\u00ebr t\u00eb respektuar k\u00ebto rregulla dhe v\u00ebzhgimet e personelit. Rendi dhe mir\u00ebsjellja duhet t\u00eb respektohen gjat\u00eb gjith\u00eb koh\u00ebs nga klient\u00ebt tan\u00eb. QASJA N\u00cb OBJEKT Vet\u00ebm personat me pages\u00eb t\u00eb vlefshme hyrjeje (\u00e7ip, kart\u00eb abonimi) mund t\u00eb ken\u00eb \u00a0qasje ne qendr\u00ebn ton\u00eb. F\u00ebmij\u00ebt jan\u00eb t\u00eb mir\u00ebpritur nga \u00e7do mosh\u00eb, por n\u00ebn 18 vje\u00e7 duhet t\u00eb&#8230; <\/p>\n<p class=\"more\"><a class=\"more-link\" href=\"https:\/\/natural-ks.com\/sq\/rregullore\/\">Read More<\/a><\/p>\n","protected":false},"author":1,"featured_media":0,"parent":0,"menu_order":0,"comment_status":"closed","ping_status":"closed","template":"elementor_header_footer","meta":{"inline_featured_image":false,"footnotes":""},"class_list":["post-10646","page","type-page","status-publish","hentry","is-cat-link-borders-light is-cat-link-rounded"],"aioseo_notices":[],"jetpack_sharing_enabled":true,"_links":{"self":[{"href":"https:\/\/natural-ks.com\/sq\/wp-json\/wp\/v2\/pages\/10646","targetHints":{"allow":["GET"]}}],"collection":[{"href":"https:\/\/natural-ks.com\/sq\/wp-json\/wp\/v2\/pages"}],"about":[{"href":"https:\/\/natural-ks.com\/sq\/wp-json\/wp\/v2\/types\/page"}],"author":[{"embeddable":true,"href":"https:\/\/natural-ks.com\/sq\/wp-json\/wp\/v2\/users\/1"}],"replies":[{"embeddable":true,"href":"https:\/\/natural-ks.com\/sq\/wp-json\/wp\/v2\/comments?post=10646"}],"version-history":[{"count":14,"href":"https:\/\/natural-ks.com\/sq\/wp-json\/wp\/v2\/pages\/10646\/revisions"}],"predecessor-version":[{"id":10799,"href":"https:\/\/natural-ks.com\/sq\/wp-json\/wp\/v2\/pages\/10646\/revisions\/10799"}],"wp:attachment":[{"href":"https:\/\/natural-ks.com\/sq\/wp-json\/wp\/v2\/media?parent=10646"}],"curies":[{"name":"wp","href":"https:\/\/api.w.org\/{rel}","templated":true}]}}