
{"id":10621,"date":"2023-12-14T22:28:27","date_gmt":"2023-12-14T22:28:27","guid":{"rendered":"https:\/\/www.natural-ks.com\/?page_id=10621"},"modified":"2025-07-04T07:23:21","modified_gmt":"2025-07-04T07:23:21","slug":"premium-area","status":"publish","type":"page","link":"https:\/\/natural-ks.com\/sq\/premium-area\/","title":{"rendered":"Zona Premium"},"content":{"rendered":"\t\t<div data-elementor-type=\"wp-page\" data-elementor-id=\"10621\" class=\"elementor elementor-10621 elementor-10310\">\n\t\t\t\t\t\t\t\t\t<section class=\"elementor-section elementor-top-section elementor-element elementor-element-354f1052 elementor-section-full_width elementor-section-stretched elementor-section-height-default elementor-section-height-default\" data-id=\"354f1052\" data-element_type=\"section\" data-settings=\"{&quot;stretch_section&quot;:&quot;section-stretched&quot;}\">\n\t\t\t\t\t\t<div class=\"elementor-container elementor-column-gap-default\">\n\t\t\t\t\t<div class=\"elementor-column elementor-col-100 elementor-top-column elementor-element elementor-element-7fe77cef\" data-id=\"7fe77cef\" data-element_type=\"column\">\n\t\t\t<div class=\"elementor-widget-wrap\">\n\t\t\t\t\t\t\t\t\t<\/div>\n\t\t<\/div>\n\t\t\t\t\t\t\t<\/div>\n\t\t<\/section>\n\t\t\t\t<section class=\"elementor-section elementor-top-section elementor-element elementor-element-7b46a7e2 elementor-section-height-min-height elementor-section-boxed elementor-section-height-default elementor-section-items-middle\" data-id=\"7b46a7e2\" data-element_type=\"section\" data-settings=\"{&quot;background_background&quot;:&quot;classic&quot;}\">\n\t\t\t\t\t\t<div class=\"elementor-container elementor-column-gap-default\">\n\t\t\t\t\t<div class=\"elementor-column elementor-col-100 elementor-top-column elementor-element elementor-element-244b22bf\" data-id=\"244b22bf\" data-element_type=\"column\">\n\t\t\t<div class=\"elementor-widget-wrap\">\n\t\t\t\t\t\t\t\t\t<\/div>\n\t\t<\/div>\n\t\t\t\t\t\t\t<\/div>\n\t\t<\/section>\n\t\t\t\t<section class=\"elementor-section elementor-top-section elementor-element elementor-element-23d555a1 elementor-section-boxed elementor-section-height-default elementor-section-height-default\" data-id=\"23d555a1\" data-element_type=\"section\">\n\t\t\t\t\t\t<div class=\"elementor-container elementor-column-gap-default\">\n\t\t\t\t\t<div class=\"elementor-column elementor-col-100 elementor-top-column elementor-element elementor-element-4ad215af\" data-id=\"4ad215af\" data-element_type=\"column\">\n\t\t\t<div class=\"elementor-widget-wrap elementor-element-populated\">\n\t\t\t\t\t\t\t\t<div class=\"elementor-element elementor-element-76709751 elementor-widget elementor-widget-qi_addons_for_elementor_animated_text\" data-id=\"76709751\" data-element_type=\"widget\" data-widget_type=\"qi_addons_for_elementor_animated_text.default\">\n\t\t\t\t<div class=\"elementor-widget-container\">\n\t\t\t<div class=\"qodef-shortcode qodef-m  qodef-qi-animated-text qodef--animated-by-letter qodef--alignment-left qodef-qi--has-appear qodef--appear-from-right\" >\n\t\t<h1 class=\"qodef-m-title\">\n\t\t<span class=\"qodef-e-word-holder\">Zona<\/span> <span class=\"qodef-e-word-holder\">premium<\/span>\t<\/h1>\n<\/div>\n\t\t<\/div>\n\t\t\t\t<\/div>\n\t\t\t\t<div class=\"elementor-element elementor-element-644f9b32 animated-slow elementor-invisible elementor-widget elementor-widget-heading\" data-id=\"644f9b32\" data-element_type=\"widget\" data-settings=\"{&quot;_animation&quot;:&quot;fadeInUp&quot;}\" data-widget_type=\"heading.default\">\n\t\t\t\t<div class=\"elementor-widget-container\">\n\t\t\t<style>\/*! elementor - v3.18.0 - 20-12-2023 *\/\n.elementor-heading-title{padding:0;margin:0;line-height:1}.elementor-widget-heading .elementor-heading-title[class*=elementor-size-]>a{color:inherit;font-size:inherit;line-height:inherit}.elementor-widget-heading .elementor-heading-title.elementor-size-small{font-size:15px}.elementor-widget-heading .elementor-heading-title.elementor-size-medium{font-size:19px}.elementor-widget-heading .elementor-heading-title.elementor-size-large{font-size:29px}.elementor-widget-heading .elementor-heading-title.elementor-size-xl{font-size:39px}.elementor-widget-heading .elementor-heading-title.elementor-size-xxl{font-size:59px}<\/style><h2 class=\"elementor-heading-title elementor-size-default\">Our Premium Area is an exclusive sanctuary offering elevated tranquility and luxurious amenities.\n\n<\/h2>\t\t<\/div>\n\t\t\t\t<\/div>\n\t\t\t\t\t<\/div>\n\t\t<\/div>\n\t\t\t\t\t\t\t<\/div>\n\t\t<\/section>\n\t\t\t\t<section class=\"elementor-section elementor-top-section elementor-element elementor-element-71cae95a elementor-section-boxed elementor-section-height-default elementor-section-height-default\" data-id=\"71cae95a\" data-element_type=\"section\">\n\t\t\t\t\t\t<div class=\"elementor-container elementor-column-gap-default\">\n\t\t\t\t\t<div class=\"elementor-column elementor-col-100 elementor-top-column elementor-element elementor-element-3a1c16ff\" data-id=\"3a1c16ff\" data-element_type=\"column\">\n\t\t\t<div class=\"elementor-widget-wrap elementor-element-populated\">\n\t\t\t\t\t\t\t\t<div class=\"elementor-element elementor-element-544812b4 elementor-widget elementor-widget-text-editor\" data-id=\"544812b4\" data-element_type=\"widget\" data-widget_type=\"text-editor.default\">\n\t\t\t\t<div class=\"elementor-widget-container\">\n\t\t\t<style>\/*! elementor - v3.18.0 - 20-12-2023 *\/\n.elementor-widget-text-editor.elementor-drop-cap-view-stacked .elementor-drop-cap{background-color:#69727d;color:#fff}.elementor-widget-text-editor.elementor-drop-cap-view-framed .elementor-drop-cap{color:#69727d;border:3px solid;background-color:transparent}.elementor-widget-text-editor:not(.elementor-drop-cap-view-default) .elementor-drop-cap{margin-top:8px}.elementor-widget-text-editor:not(.elementor-drop-cap-view-default) .elementor-drop-cap-letter{width:1em;height:1em}.elementor-widget-text-editor .elementor-drop-cap{float:left;text-align:center;line-height:1;font-size:50px}.elementor-widget-text-editor .elementor-drop-cap-letter{display:inline-block}<\/style>\t\t\t\t<p>Zona jon\u00eb Premium \u00ebsht\u00eb nj\u00eb\u00a0 ekskluzive q\u00eb ofron qet\u00ebsi t\u00eb lart\u00eb dhe sherbime luksoze.<\/p><p>Qasja n\u00eb k\u00ebt\u00eb zon\u00eb siguron nj\u00eb p\u00ebrvoj\u00eb t\u00eb ngritur t\u00eb SPA, duke siguruar nj\u00eb relaksim t\u00eb thell\u00eb dhe ambient t\u00eb qet\u00eb:<\/p><p>1 Pishine vetem per te rritur<\/p><p>1 Pishine e brendshme per te rritur<\/p><p>1 Pishin\u00eb t\u00eb mbrendshme p\u00ebr t\u00eb rritur me qasje t\u00eb drejtp\u00ebrdrejt\u00eb n\u00eb pishin\u00ebn e jashtme (n\u00eb dispozicion n\u00eb \u00e7do sezon)<\/p><p>3 Sauna Finlandeze n\u00eb natyr\u00eb<\/p><p>5 Xhakuzi n\u00eb natyr\u00eb<\/p><p>3 Xhakuzi me uj\u00eb t\u00eb ftoht\u00eb n\u00eb natyr\u00eb<\/p><p>3 Xhakuzi t\u00eb brendsh\u00ebm<\/p><p>3 Sauna Finlandeze t\u00eb brendshme<\/p><p>1 Sauna e brendshme me rreze infra t\u00eb kuqe<\/p><p>1 Sauna Bimore e brendshme<\/p><p>1 Hamam (Banj\u00eb Turke)<\/p><p>K\u00ebto sherbime jan\u00eb t\u00eb dizajnuara p\u00ebr t\u00eb krijuar nj\u00eb p\u00ebrvoj\u00eb premium dhe t\u00eb k\u00ebnaqshme n\u00eb spa, duke i b\u00ebr\u00eb mysafir\u00ebt tan\u00eb t\u00eb ndihen t\u00eb p\u00ebrk\u00ebdhelur, t\u00eb vler\u00ebsuar dhe t\u00eb kujdesur p\u00ebr nj\u00eb nivel m\u00eb t\u00eb lart\u00eb luksi<\/p>\t\t\t\t\t\t<\/div>\n\t\t\t\t<\/div>\n\t\t\t\t\t<\/div>\n\t\t<\/div>\n\t\t\t\t\t\t\t<\/div>\n\t\t<\/section>\n\t\t\t\t<section class=\"elementor-section elementor-top-section elementor-element elementor-element-183ed213 elementor-section-boxed elementor-section-height-default elementor-section-height-default\" data-id=\"183ed213\" data-element_type=\"section\">\n\t\t\t\t\t\t<div class=\"elementor-container elementor-column-gap-default\">\n\t\t\t\t\t<div class=\"elementor-column elementor-col-100 elementor-top-column elementor-element elementor-element-64f36a65\" data-id=\"64f36a65\" data-element_type=\"column\">\n\t\t\t<div class=\"elementor-widget-wrap elementor-element-populated\">\n\t\t\t\t\t\t\t\t<div class=\"elementor-element elementor-element-2da51e96 elementor-widget elementor-widget-qi_addons_for_elementor_image_gallery_masonry\" data-id=\"2da51e96\" data-element_type=\"widget\" data-widget_type=\"qi_addons_for_elementor_image_gallery_masonry.default\">\n\t\t\t\t<div class=\"elementor-widget-container\">\n\t\t\t<div class=\"qodef-shortcode qodef-m  qodef-qi-image-gallery-masonry qodef-qi-fslightbox-popup qodef-popup-gallery qodef-image--hover-zoom qodef-image--hover-from-top qodef-qi-grid qodef-layout--qi-masonry qodef-items--fixed qodef-col-num--3   qodef-responsive--predefined\">\n\t<div class=\"qodef-grid-inner\">\n\t\t\t<div class=\"qodef-qi-grid-masonry-sizer\"><\/div>\n<div class=\"qodef-e qodef-image-wrapper qodef-grid-item qodef-item--\">\n\t<div class=\"qodef-e-inner\">\n\t\t\t\t\t<a class=\"qodef-popup-item\" itemprop=\"image\" href=\"https:\/\/natural-ks.com\/wp-content\/uploads\/2023\/12\/premium01.jpg\" data-type=\"image\" data-fslightbox=\"gallery-1\">\n\t\t\t\t\t<img fetchpriority=\"high\" decoding=\"async\" width=\"1620\" height=\"1080\" src=\"https:\/\/natural-ks.com\/wp-content\/uploads\/2023\/12\/premium01.jpg\" class=\"attachment- size-\" alt=\"\" srcset=\"https:\/\/natural-ks.com\/wp-content\/uploads\/2023\/12\/premium01.jpg 1620w, https:\/\/natural-ks.com\/wp-content\/uploads\/2023\/12\/premium01-300x200.jpg 300w, https:\/\/natural-ks.com\/wp-content\/uploads\/2023\/12\/premium01-1024x683.jpg 1024w, https:\/\/natural-ks.com\/wp-content\/uploads\/2023\/12\/premium01-768x512.jpg 768w, https:\/\/natural-ks.com\/wp-content\/uploads\/2023\/12\/premium01-825x550.jpg 825w, https:\/\/natural-ks.com\/wp-content\/uploads\/2023\/12\/premium01-1060x707.jpg 1060w, https:\/\/natural-ks.com\/wp-content\/uploads\/2023\/12\/premium01-1536x1024.jpg 1536w, https:\/\/natural-ks.com\/wp-content\/uploads\/2023\/12\/premium01-550x367.jpg 550w, https:\/\/natural-ks.com\/wp-content\/uploads\/2023\/12\/premium01-750x500.jpg 750w, https:\/\/natural-ks.com\/wp-content\/uploads\/2023\/12\/premium01-600x400.jpg 600w\" sizes=\"(max-width: 1620px) 100vw, 1620px\" \/>\t\t\t\t\t<\/a>\n\t\t\t<\/div>\n<\/div>\n<div class=\"qodef-e qodef-image-wrapper qodef-grid-item qodef-item--\">\n\t<div class=\"qodef-e-inner\">\n\t\t\t\t\t<a class=\"qodef-popup-item\" itemprop=\"image\" href=\"https:\/\/natural-ks.com\/wp-content\/uploads\/2023\/12\/premium02.jpg\" data-type=\"image\" data-fslightbox=\"gallery-1\">\n\t\t\t\t\t<img decoding=\"async\" width=\"1620\" height=\"1080\" src=\"https:\/\/natural-ks.com\/wp-content\/uploads\/2023\/12\/premium02.jpg\" class=\"attachment- size-\" alt=\"\" srcset=\"https:\/\/natural-ks.com\/wp-content\/uploads\/2023\/12\/premium02.jpg 1620w, https:\/\/natural-ks.com\/wp-content\/uploads\/2023\/12\/premium02-300x200.jpg 300w, https:\/\/natural-ks.com\/wp-content\/uploads\/2023\/12\/premium02-1024x683.jpg 1024w, https:\/\/natural-ks.com\/wp-content\/uploads\/2023\/12\/premium02-768x512.jpg 768w, https:\/\/natural-ks.com\/wp-content\/uploads\/2023\/12\/premium02-825x550.jpg 825w, https:\/\/natural-ks.com\/wp-content\/uploads\/2023\/12\/premium02-1060x707.jpg 1060w, https:\/\/natural-ks.com\/wp-content\/uploads\/2023\/12\/premium02-1536x1024.jpg 1536w, https:\/\/natural-ks.com\/wp-content\/uploads\/2023\/12\/premium02-550x367.jpg 550w, https:\/\/natural-ks.com\/wp-content\/uploads\/2023\/12\/premium02-750x500.jpg 750w, https:\/\/natural-ks.com\/wp-content\/uploads\/2023\/12\/premium02-600x400.jpg 600w\" sizes=\"(max-width: 1620px) 100vw, 1620px\" \/>\t\t\t\t\t<\/a>\n\t\t\t<\/div>\n<\/div>\n<div class=\"qodef-e qodef-image-wrapper qodef-grid-item qodef-item--\">\n\t<div class=\"qodef-e-inner\">\n\t\t\t\t\t<a class=\"qodef-popup-item\" itemprop=\"image\" href=\"https:\/\/natural-ks.com\/wp-content\/uploads\/2023\/12\/premium03.jpg\" data-type=\"image\" data-fslightbox=\"gallery-1\">\n\t\t\t\t\t<img decoding=\"async\" width=\"1620\" height=\"1080\" src=\"https:\/\/natural-ks.com\/wp-content\/uploads\/2023\/12\/premium03.jpg\" class=\"attachment- size-\" alt=\"\" srcset=\"https:\/\/natural-ks.com\/wp-content\/uploads\/2023\/12\/premium03.jpg 1620w, https:\/\/natural-ks.com\/wp-content\/uploads\/2023\/12\/premium03-300x200.jpg 300w, https:\/\/natural-ks.com\/wp-content\/uploads\/2023\/12\/premium03-1024x683.jpg 1024w, https:\/\/natural-ks.com\/wp-content\/uploads\/2023\/12\/premium03-768x512.jpg 768w, https:\/\/natural-ks.com\/wp-content\/uploads\/2023\/12\/premium03-825x550.jpg 825w, https:\/\/natural-ks.com\/wp-content\/uploads\/2023\/12\/premium03-1060x707.jpg 1060w, https:\/\/natural-ks.com\/wp-content\/uploads\/2023\/12\/premium03-1536x1024.jpg 1536w, https:\/\/natural-ks.com\/wp-content\/uploads\/2023\/12\/premium03-550x367.jpg 550w, https:\/\/natural-ks.com\/wp-content\/uploads\/2023\/12\/premium03-750x500.jpg 750w, https:\/\/natural-ks.com\/wp-content\/uploads\/2023\/12\/premium03-600x400.jpg 600w\" sizes=\"(max-width: 1620px) 100vw, 1620px\" \/>\t\t\t\t\t<\/a>\n\t\t\t<\/div>\n<\/div>\n\t<\/div>\n<\/div>\n\t\t<\/div>\n\t\t\t\t<\/div>\n\t\t\t\t\t<\/div>\n\t\t<\/div>\n\t\t\t\t\t\t\t<\/div>\n\t\t<\/section>\n\t\t\t\t<section class=\"elementor-section elementor-top-section elementor-element elementor-element-eba0374 elementor-section-boxed elementor-section-height-default elementor-section-height-default\" data-id=\"eba0374\" data-element_type=\"section\">\n\t\t\t\t\t\t<div class=\"elementor-container elementor-column-gap-default\">\n\t\t\t\t\t<div class=\"elementor-column elementor-col-100 elementor-top-column elementor-element elementor-element-5b31503\" data-id=\"5b31503\" data-element_type=\"column\">\n\t\t\t<div class=\"elementor-widget-wrap elementor-element-populated\">\n\t\t\t\t\t\t\t\t<div class=\"elementor-element elementor-element-d3e0658 elementor-widget elementor-widget-text-editor\" data-id=\"d3e0658\" data-element_type=\"widget\" data-widget_type=\"text-editor.default\">\n\t\t\t\t<div class=\"elementor-widget-container\">\n\t\t\t\t\t\t\t\t\t\t\t\t\t<\/div>\n\t\t\t\t<\/div>\n\t\t\t\t\t<\/div>\n\t\t<\/div>\n\t\t\t\t\t\t\t<\/div>\n\t\t<\/section>\n\t\t\t\t\t\t\t<\/div>\n\t\t","protected":false},"excerpt":{"rendered":"<p>Zona premium Our Premium Area is an exclusive sanctuary offering elevated tranquility and luxurious amenities. Zona jon\u00eb Premium \u00ebsht\u00eb nj\u00eb\u00a0 ekskluzive q\u00eb ofron qet\u00ebsi t\u00eb lart\u00eb dhe sherbime luksoze. Qasja n\u00eb k\u00ebt\u00eb zon\u00eb siguron nj\u00eb p\u00ebrvoj\u00eb t\u00eb ngritur t\u00eb SPA, duke siguruar nj\u00eb relaksim t\u00eb thell\u00eb dhe ambient t\u00eb qet\u00eb: 1 Pishine vetem per te rritur 1 Pishine e brendshme per te rritur 1 Pishin\u00eb&#8230; <\/p>\n<p class=\"more\"><a class=\"more-link\" href=\"https:\/\/natural-ks.com\/sq\/premium-area\/\">Read More<\/a><\/p>\n","protected":false},"author":1,"featured_media":0,"parent":0,"menu_order":0,"comment_status":"closed","ping_status":"closed","template":"elementor_header_footer","meta":{"inline_featured_image":false,"footnotes":""},"class_list":["post-10621","page","type-page","status-publish","hentry","is-cat-link-borders-light is-cat-link-rounded"],"aioseo_notices":[],"jetpack_sharing_enabled":true,"_links":{"self":[{"href":"https:\/\/natural-ks.com\/sq\/wp-json\/wp\/v2\/pages\/10621","targetHints":{"allow":["GET"]}}],"collection":[{"href":"https:\/\/natural-ks.com\/sq\/wp-json\/wp\/v2\/pages"}],"about":[{"href":"https:\/\/natural-ks.com\/sq\/wp-json\/wp\/v2\/types\/page"}],"author":[{"embeddable":true,"href":"https:\/\/natural-ks.com\/sq\/wp-json\/wp\/v2\/users\/1"}],"replies":[{"embeddable":true,"href":"https:\/\/natural-ks.com\/sq\/wp-json\/wp\/v2\/comments?post=10621"}],"version-history":[{"count":18,"href":"https:\/\/natural-ks.com\/sq\/wp-json\/wp\/v2\/pages\/10621\/revisions"}],"predecessor-version":[{"id":11457,"href":"https:\/\/natural-ks.com\/sq\/wp-json\/wp\/v2\/pages\/10621\/revisions\/11457"}],"wp:attachment":[{"href":"https:\/\/natural-ks.com\/sq\/wp-json\/wp\/v2\/media?parent=10621"}],"curies":[{"name":"wp","href":"https:\/\/api.w.org\/{rel}","templated":true}]}}