
{"id":10616,"date":"2023-08-30T20:57:44","date_gmt":"2023-08-30T20:57:44","guid":{"rendered":"https:\/\/www.natural-ks.com\/?page_id=10616"},"modified":"2023-12-23T07:43:33","modified_gmt":"2023-12-23T07:43:33","slug":"pool","status":"publish","type":"page","link":"https:\/\/natural-ks.com\/sq\/pool\/","title":{"rendered":"Pishina"},"content":{"rendered":"\t\t<div data-elementor-type=\"wp-page\" data-elementor-id=\"10616\" class=\"elementor elementor-10616 elementor-9902\">\n\t\t\t\t\t\t\t\t\t<section class=\"elementor-section elementor-top-section elementor-element elementor-element-6a333a32 elementor-section-full_width elementor-section-stretched elementor-section-height-default elementor-section-height-default\" data-id=\"6a333a32\" data-element_type=\"section\" data-settings=\"{&quot;stretch_section&quot;:&quot;section-stretched&quot;}\">\n\t\t\t\t\t\t<div class=\"elementor-container elementor-column-gap-default\">\n\t\t\t\t\t<div class=\"elementor-column elementor-col-100 elementor-top-column elementor-element elementor-element-847a1ec\" data-id=\"847a1ec\" data-element_type=\"column\">\n\t\t\t<div class=\"elementor-widget-wrap\">\n\t\t\t\t\t\t\t\t\t<\/div>\n\t\t<\/div>\n\t\t\t\t\t\t\t<\/div>\n\t\t<\/section>\n\t\t\t\t<section class=\"elementor-section elementor-top-section elementor-element elementor-element-404dc486 elementor-section-height-min-height elementor-section-boxed elementor-section-height-default elementor-section-items-middle\" data-id=\"404dc486\" data-element_type=\"section\" data-settings=\"{&quot;background_background&quot;:&quot;classic&quot;}\">\n\t\t\t\t\t\t<div class=\"elementor-container elementor-column-gap-default\">\n\t\t\t\t\t<div class=\"elementor-column elementor-col-100 elementor-top-column elementor-element elementor-element-5d381461\" data-id=\"5d381461\" data-element_type=\"column\">\n\t\t\t<div class=\"elementor-widget-wrap\">\n\t\t\t\t\t\t\t\t\t<\/div>\n\t\t<\/div>\n\t\t\t\t\t\t\t<\/div>\n\t\t<\/section>\n\t\t\t\t<section class=\"elementor-section elementor-top-section elementor-element elementor-element-e4ca808 elementor-section-boxed elementor-section-height-default elementor-section-height-default\" data-id=\"e4ca808\" data-element_type=\"section\">\n\t\t\t\t\t\t<div class=\"elementor-container elementor-column-gap-default\">\n\t\t\t\t\t<div class=\"elementor-column elementor-col-100 elementor-top-column elementor-element elementor-element-6410ac81\" data-id=\"6410ac81\" data-element_type=\"column\">\n\t\t\t<div class=\"elementor-widget-wrap elementor-element-populated\">\n\t\t\t\t\t\t\t\t<div class=\"elementor-element elementor-element-5a857b60 elementor-widget elementor-widget-qi_addons_for_elementor_animated_text\" data-id=\"5a857b60\" data-element_type=\"widget\" data-widget_type=\"qi_addons_for_elementor_animated_text.default\">\n\t\t\t\t<div class=\"elementor-widget-container\">\n\t\t\t<div class=\"qodef-shortcode qodef-m  qodef-qi-animated-text qodef--animated-by-letter qodef--alignment-left qodef-qi--has-appear qodef--appear-from-right\" >\n\t\t<h1 class=\"qodef-m-title\">\n\t\t<span class=\"qodef-e-word-holder\">Pishinat<\/span> <span class=\"qodef-e-word-holder\"><\/span>\t<\/h1>\n<\/div>\n\t\t<\/div>\n\t\t\t\t<\/div>\n\t\t\t\t<div class=\"elementor-element elementor-element-4c1dcd2f animated-slow elementor-invisible elementor-widget elementor-widget-heading\" data-id=\"4c1dcd2f\" data-element_type=\"widget\" data-settings=\"{&quot;_animation&quot;:&quot;fadeInUp&quot;}\" data-widget_type=\"heading.default\">\n\t\t\t\t<div class=\"elementor-widget-container\">\n\t\t\t<style>\/*! elementor - v3.18.0 - 20-12-2023 *\/\n.elementor-heading-title{padding:0;margin:0;line-height:1}.elementor-widget-heading .elementor-heading-title[class*=elementor-size-]>a{color:inherit;font-size:inherit;line-height:inherit}.elementor-widget-heading .elementor-heading-title.elementor-size-small{font-size:15px}.elementor-widget-heading .elementor-heading-title.elementor-size-medium{font-size:19px}.elementor-widget-heading .elementor-heading-title.elementor-size-large{font-size:29px}.elementor-widget-heading .elementor-heading-title.elementor-size-xl{font-size:39px}.elementor-widget-heading .elementor-heading-title.elementor-size-xxl{font-size:59px}<\/style><h2 class=\"elementor-heading-title elementor-size-default\">Natural Pool &amp; Spa \u00ebsht\u00eb nj\u00eb nga oazet m\u00eb t\u00eb m\u00ebdha n\u00eb vend, me nj\u00eb sip\u00ebrfaqe prej rreth 5000 m\u00b2 dhe kapacitet p\u00ebr 300 t\u00eb ftuar.<\/h2>\t\t<\/div>\n\t\t\t\t<\/div>\n\t\t\t\t\t<\/div>\n\t\t<\/div>\n\t\t\t\t\t\t\t<\/div>\n\t\t<\/section>\n\t\t\t\t<section class=\"elementor-section elementor-top-section elementor-element elementor-element-3114f2b0 elementor-section-boxed elementor-section-height-default elementor-section-height-default\" data-id=\"3114f2b0\" data-element_type=\"section\">\n\t\t\t\t\t\t<div class=\"elementor-container elementor-column-gap-default\">\n\t\t\t\t\t<div class=\"elementor-column elementor-col-100 elementor-top-column elementor-element elementor-element-136d006\" data-id=\"136d006\" data-element_type=\"column\">\n\t\t\t<div class=\"elementor-widget-wrap elementor-element-populated\">\n\t\t\t\t\t\t\t\t<div class=\"elementor-element elementor-element-7f7a9ac9 elementor-widget elementor-widget-text-editor\" data-id=\"7f7a9ac9\" data-element_type=\"widget\" data-widget_type=\"text-editor.default\">\n\t\t\t\t<div class=\"elementor-widget-container\">\n\t\t\t<style>\/*! elementor - v3.18.0 - 20-12-2023 *\/\n.elementor-widget-text-editor.elementor-drop-cap-view-stacked .elementor-drop-cap{background-color:#69727d;color:#fff}.elementor-widget-text-editor.elementor-drop-cap-view-framed .elementor-drop-cap{color:#69727d;border:3px solid;background-color:transparent}.elementor-widget-text-editor:not(.elementor-drop-cap-view-default) .elementor-drop-cap{margin-top:8px}.elementor-widget-text-editor:not(.elementor-drop-cap-view-default) .elementor-drop-cap-letter{width:1em;height:1em}.elementor-widget-text-editor .elementor-drop-cap{float:left;text-align:center;line-height:1;font-size:50px}.elementor-widget-text-editor .elementor-drop-cap-letter{display:inline-block}<\/style>\t\t\t\t\t\t\t\t\t\t<\/div>\n\t\t\t\t<\/div>\n\t\t\t\t\t<\/div>\n\t\t<\/div>\n\t\t\t\t\t\t\t<\/div>\n\t\t<\/section>\n\t\t\t\t<section class=\"elementor-section elementor-top-section elementor-element elementor-element-187a6879 elementor-section-boxed elementor-section-height-default elementor-section-height-default\" data-id=\"187a6879\" data-element_type=\"section\">\n\t\t\t\t\t\t<div class=\"elementor-container elementor-column-gap-default\">\n\t\t\t\t\t<div class=\"elementor-column elementor-col-50 elementor-top-column elementor-element elementor-element-ebf55a9\" data-id=\"ebf55a9\" data-element_type=\"column\">\n\t\t\t<div class=\"elementor-widget-wrap elementor-element-populated\">\n\t\t\t\t\t\t\t\t<div class=\"elementor-element elementor-element-5b6d6ba0 elementor-widget elementor-widget-qi_addons_for_elementor_parallax_images\" data-id=\"5b6d6ba0\" data-element_type=\"widget\" data-widget_type=\"qi_addons_for_elementor_parallax_images.default\">\n\t\t\t\t<div class=\"elementor-widget-container\">\n\t\t\t<div class=\"qodef-shortcode qodef-m  qodef-qi-parallax-images qodef-layout--default\">\n\t<div class=\"qodef-m-images\">\n\t\t<div class=\"qodef-e-main-image-holder\">\n\t\t\t<div class=\"qodef-e-main-image-zoom-holder\">\n\t\t\t\t\t\t\t\t\t<div class=\"qodef-e-main-image\" data-parallax-main=\"60\">\n\t\t\t\t\t\t<img fetchpriority=\"high\" decoding=\"async\" width=\"650\" height=\"650\" src=\"https:\/\/natural-ks.com\/wp-content\/uploads\/2023\/12\/premium02-650x650.jpg\" class=\"attachment-qi_addons_for_elementor_image_size_square size-qi_addons_for_elementor_image_size_square\" alt=\"\" srcset=\"https:\/\/natural-ks.com\/wp-content\/uploads\/2023\/12\/premium02-650x650.jpg 650w, https:\/\/natural-ks.com\/wp-content\/uploads\/2023\/12\/premium02-150x150.jpg 150w, https:\/\/natural-ks.com\/wp-content\/uploads\/2023\/12\/premium02-550x550.jpg 550w, https:\/\/natural-ks.com\/wp-content\/uploads\/2023\/12\/premium02-300x300.jpg 300w, https:\/\/natural-ks.com\/wp-content\/uploads\/2023\/12\/premium02-100x100.jpg 100w\" sizes=\"(max-width: 650px) 100vw, 650px\" \/>\t\t\t\t\t<\/div>\n\t\t\t\t\t\t\t<\/div>\n\t\t<\/div>\n\t\t\t\t\t\t\t\t\t\t\t\t\t<div class=\"qodef-e-parallax-image qodef-position--bottom-left elementor-repeater-item-2f947ea\" >\n\t\t\t\t\t\t\t\t\t<\/div>\n\t\t\t\t\t\t<\/div>\n<\/div>\n\t\t<\/div>\n\t\t\t\t<\/div>\n\t\t\t\t\t<\/div>\n\t\t<\/div>\n\t\t\t\t<div class=\"elementor-column elementor-col-50 elementor-top-column elementor-element elementor-element-25455016\" data-id=\"25455016\" data-element_type=\"column\">\n\t\t\t<div class=\"elementor-widget-wrap elementor-element-populated\">\n\t\t\t\t\t\t\t\t<div class=\"elementor-element elementor-element-41fb15e7 elementor-widget elementor-widget-text-editor\" data-id=\"41fb15e7\" data-element_type=\"widget\" data-widget_type=\"text-editor.default\">\n\t\t\t\t<div class=\"elementor-widget-container\">\n\t\t\t\t\t\t\t<p>Natural Pool &amp; Spa \u00ebsht\u00eb nj\u00eb nga oazet m\u00eb t\u00eb m\u00ebdha n\u00eb vend, me nj\u00eb sip\u00ebrfaqe prej rreth 5000 m\u00b2 dhe kapacitet p\u00ebr 300 t\u00eb ftuar.<\/p><p>Natural Pool &amp; Spa ofron tre pishina t\u00eb m\u00ebdha p\u00ebrve\u00e7 dy restoranteve.<\/p><p>Pishin\u00eb t\u00eb brendshme me nj\u00eb sip\u00ebrfaqe prej 550 m\u00b2<\/p><p>Pishin\u00eb p\u00ebr f\u00ebmij\u00eb me nj\u00eb sip\u00ebrfaqe prej 111m\u00b2<\/p><p>Pishin\u00eb e jashtme me nj\u00eb sip\u00ebrfaqe prej 311m\u00b2<\/p><p>Sip\u00ebrfaqja premium e pishin\u00ebs me nj\u00eb sip\u00ebrfaqe prej 300m\u00b2<\/p><div>\u00a0<\/div>\t\t\t\t\t\t<\/div>\n\t\t\t\t<\/div>\n\t\t\t\t\t<\/div>\n\t\t<\/div>\n\t\t\t\t\t\t\t<\/div>\n\t\t<\/section>\n\t\t\t\t<section class=\"elementor-section elementor-top-section elementor-element elementor-element-7e6269e8 elementor-section-boxed elementor-section-height-default elementor-section-height-default\" data-id=\"7e6269e8\" data-element_type=\"section\">\n\t\t\t\t\t\t<div class=\"elementor-container elementor-column-gap-default\">\n\t\t\t\t\t<div class=\"elementor-column elementor-col-100 elementor-top-column elementor-element elementor-element-43c2d530\" data-id=\"43c2d530\" data-element_type=\"column\">\n\t\t\t<div class=\"elementor-widget-wrap elementor-element-populated\">\n\t\t\t\t\t\t\t\t<div class=\"elementor-element elementor-element-1a2783a7 elementor-widget elementor-widget-qi_addons_for_elementor_image_gallery_masonry\" data-id=\"1a2783a7\" data-element_type=\"widget\" data-widget_type=\"qi_addons_for_elementor_image_gallery_masonry.default\">\n\t\t\t\t<div class=\"elementor-widget-container\">\n\t\t\t<div class=\"qodef-shortcode qodef-m  qodef-qi-image-gallery-masonry qodef-qi-fslightbox-popup qodef-popup-gallery qodef-image--hover-zoom qodef-image--hover-from-top qodef-qi-grid qodef-layout--qi-masonry qodef-items--fixed qodef-col-num--3   qodef-responsive--predefined\">\n\t<div class=\"qodef-grid-inner\">\n\t\t\t<div class=\"qodef-qi-grid-masonry-sizer\"><\/div>\n<div class=\"qodef-e qodef-image-wrapper qodef-grid-item qodef-item--\">\n\t<div class=\"qodef-e-inner\">\n\t\t\t\t\t<a class=\"qodef-popup-item\" itemprop=\"image\" href=\"https:\/\/natural-ks.com\/wp-content\/uploads\/2023\/12\/pool.jpg\" data-type=\"image\" data-fslightbox=\"gallery-1\">\n\t\t\t\t\t<img decoding=\"async\" width=\"1620\" height=\"1080\" src=\"https:\/\/natural-ks.com\/wp-content\/uploads\/2023\/12\/pool.jpg\" class=\"attachment- size-\" alt=\"\" srcset=\"https:\/\/natural-ks.com\/wp-content\/uploads\/2023\/12\/pool.jpg 1620w, https:\/\/natural-ks.com\/wp-content\/uploads\/2023\/12\/pool-300x200.jpg 300w, https:\/\/natural-ks.com\/wp-content\/uploads\/2023\/12\/pool-1024x683.jpg 1024w, https:\/\/natural-ks.com\/wp-content\/uploads\/2023\/12\/pool-768x512.jpg 768w, https:\/\/natural-ks.com\/wp-content\/uploads\/2023\/12\/pool-825x550.jpg 825w, https:\/\/natural-ks.com\/wp-content\/uploads\/2023\/12\/pool-1060x707.jpg 1060w, https:\/\/natural-ks.com\/wp-content\/uploads\/2023\/12\/pool-1536x1024.jpg 1536w, https:\/\/natural-ks.com\/wp-content\/uploads\/2023\/12\/pool-550x367.jpg 550w, https:\/\/natural-ks.com\/wp-content\/uploads\/2023\/12\/pool-750x500.jpg 750w, https:\/\/natural-ks.com\/wp-content\/uploads\/2023\/12\/pool-600x400.jpg 600w\" sizes=\"(max-width: 1620px) 100vw, 1620px\" \/>\t\t\t\t\t<\/a>\n\t\t\t<\/div>\n<\/div>\n<div class=\"qodef-e qodef-image-wrapper qodef-grid-item qodef-item--\">\n\t<div class=\"qodef-e-inner\">\n\t\t\t\t\t<a class=\"qodef-popup-item\" itemprop=\"image\" href=\"https:\/\/natural-ks.com\/wp-content\/uploads\/2023\/12\/home-07.jpg\" data-type=\"image\" data-fslightbox=\"gallery-1\">\n\t\t\t\t\t<img decoding=\"async\" width=\"1920\" height=\"1080\" src=\"https:\/\/natural-ks.com\/wp-content\/uploads\/2023\/12\/home-07.jpg\" class=\"attachment- size-\" alt=\"\" srcset=\"https:\/\/natural-ks.com\/wp-content\/uploads\/2023\/12\/home-07.jpg 1920w, https:\/\/natural-ks.com\/wp-content\/uploads\/2023\/12\/home-07-300x169.jpg 300w, https:\/\/natural-ks.com\/wp-content\/uploads\/2023\/12\/home-07-1024x576.jpg 1024w, https:\/\/natural-ks.com\/wp-content\/uploads\/2023\/12\/home-07-768x432.jpg 768w, https:\/\/natural-ks.com\/wp-content\/uploads\/2023\/12\/home-07-978x550.jpg 978w, https:\/\/natural-ks.com\/wp-content\/uploads\/2023\/12\/home-07-1060x596.jpg 1060w, https:\/\/natural-ks.com\/wp-content\/uploads\/2023\/12\/home-07-1536x864.jpg 1536w, https:\/\/natural-ks.com\/wp-content\/uploads\/2023\/12\/home-07-550x309.jpg 550w, https:\/\/natural-ks.com\/wp-content\/uploads\/2023\/12\/home-07-889x500.jpg 889w, https:\/\/natural-ks.com\/wp-content\/uploads\/2023\/12\/home-07-600x338.jpg 600w\" sizes=\"(max-width: 1920px) 100vw, 1920px\" \/>\t\t\t\t\t<\/a>\n\t\t\t<\/div>\n<\/div>\n<div class=\"qodef-e qodef-image-wrapper qodef-grid-item qodef-item--\">\n\t<div class=\"qodef-e-inner\">\n\t\t\t\t\t<a class=\"qodef-popup-item\" itemprop=\"image\" href=\"https:\/\/natural-ks.com\/wp-content\/uploads\/2023\/12\/home-06.jpg\" data-type=\"image\" data-fslightbox=\"gallery-1\">\n\t\t\t\t\t<img loading=\"lazy\" decoding=\"async\" width=\"1920\" height=\"1080\" src=\"https:\/\/natural-ks.com\/wp-content\/uploads\/2023\/12\/home-06.jpg\" class=\"attachment- size-\" alt=\"\" srcset=\"https:\/\/natural-ks.com\/wp-content\/uploads\/2023\/12\/home-06.jpg 1920w, https:\/\/natural-ks.com\/wp-content\/uploads\/2023\/12\/home-06-300x169.jpg 300w, https:\/\/natural-ks.com\/wp-content\/uploads\/2023\/12\/home-06-1024x576.jpg 1024w, https:\/\/natural-ks.com\/wp-content\/uploads\/2023\/12\/home-06-768x432.jpg 768w, https:\/\/natural-ks.com\/wp-content\/uploads\/2023\/12\/home-06-978x550.jpg 978w, https:\/\/natural-ks.com\/wp-content\/uploads\/2023\/12\/home-06-1060x596.jpg 1060w, https:\/\/natural-ks.com\/wp-content\/uploads\/2023\/12\/home-06-1536x864.jpg 1536w, https:\/\/natural-ks.com\/wp-content\/uploads\/2023\/12\/home-06-550x309.jpg 550w, https:\/\/natural-ks.com\/wp-content\/uploads\/2023\/12\/home-06-889x500.jpg 889w, https:\/\/natural-ks.com\/wp-content\/uploads\/2023\/12\/home-06-600x338.jpg 600w\" sizes=\"(max-width: 1920px) 100vw, 1920px\" \/>\t\t\t\t\t<\/a>\n\t\t\t<\/div>\n<\/div>\n<div class=\"qodef-e qodef-image-wrapper qodef-grid-item qodef-item--\">\n\t<div class=\"qodef-e-inner\">\n\t\t\t\t\t<a class=\"qodef-popup-item\" itemprop=\"image\" href=\"https:\/\/natural-ks.com\/wp-content\/uploads\/2023\/12\/home-02.jpg\" data-type=\"image\" data-fslightbox=\"gallery-1\">\n\t\t\t\t\t<img loading=\"lazy\" decoding=\"async\" width=\"1920\" height=\"1080\" src=\"https:\/\/natural-ks.com\/wp-content\/uploads\/2023\/12\/home-02.jpg\" class=\"attachment- size-\" alt=\"\" srcset=\"https:\/\/natural-ks.com\/wp-content\/uploads\/2023\/12\/home-02.jpg 1920w, https:\/\/natural-ks.com\/wp-content\/uploads\/2023\/12\/home-02-300x169.jpg 300w, https:\/\/natural-ks.com\/wp-content\/uploads\/2023\/12\/home-02-1024x576.jpg 1024w, https:\/\/natural-ks.com\/wp-content\/uploads\/2023\/12\/home-02-768x432.jpg 768w, https:\/\/natural-ks.com\/wp-content\/uploads\/2023\/12\/home-02-978x550.jpg 978w, https:\/\/natural-ks.com\/wp-content\/uploads\/2023\/12\/home-02-1060x596.jpg 1060w, https:\/\/natural-ks.com\/wp-content\/uploads\/2023\/12\/home-02-1536x864.jpg 1536w, https:\/\/natural-ks.com\/wp-content\/uploads\/2023\/12\/home-02-550x309.jpg 550w, https:\/\/natural-ks.com\/wp-content\/uploads\/2023\/12\/home-02-889x500.jpg 889w, https:\/\/natural-ks.com\/wp-content\/uploads\/2023\/12\/home-02-600x338.jpg 600w\" sizes=\"(max-width: 1920px) 100vw, 1920px\" \/>\t\t\t\t\t<\/a>\n\t\t\t<\/div>\n<\/div>\n<div class=\"qodef-e qodef-image-wrapper qodef-grid-item qodef-item--\">\n\t<div class=\"qodef-e-inner\">\n\t\t\t\t\t<a class=\"qodef-popup-item\" itemprop=\"image\" href=\"https:\/\/natural-ks.com\/wp-content\/uploads\/2023\/12\/home-03.jpg\" data-type=\"image\" data-fslightbox=\"gallery-1\">\n\t\t\t\t\t<img loading=\"lazy\" decoding=\"async\" width=\"1920\" height=\"1080\" src=\"https:\/\/natural-ks.com\/wp-content\/uploads\/2023\/12\/home-03.jpg\" class=\"attachment- size-\" alt=\"\" srcset=\"https:\/\/natural-ks.com\/wp-content\/uploads\/2023\/12\/home-03.jpg 1920w, https:\/\/natural-ks.com\/wp-content\/uploads\/2023\/12\/home-03-300x169.jpg 300w, https:\/\/natural-ks.com\/wp-content\/uploads\/2023\/12\/home-03-1024x576.jpg 1024w, https:\/\/natural-ks.com\/wp-content\/uploads\/2023\/12\/home-03-768x432.jpg 768w, https:\/\/natural-ks.com\/wp-content\/uploads\/2023\/12\/home-03-978x550.jpg 978w, https:\/\/natural-ks.com\/wp-content\/uploads\/2023\/12\/home-03-1060x596.jpg 1060w, https:\/\/natural-ks.com\/wp-content\/uploads\/2023\/12\/home-03-1536x864.jpg 1536w, https:\/\/natural-ks.com\/wp-content\/uploads\/2023\/12\/home-03-550x309.jpg 550w, https:\/\/natural-ks.com\/wp-content\/uploads\/2023\/12\/home-03-889x500.jpg 889w, https:\/\/natural-ks.com\/wp-content\/uploads\/2023\/12\/home-03-600x338.jpg 600w\" sizes=\"(max-width: 1920px) 100vw, 1920px\" \/>\t\t\t\t\t<\/a>\n\t\t\t<\/div>\n<\/div>\n<div class=\"qodef-e qodef-image-wrapper qodef-grid-item qodef-item--\">\n\t<div class=\"qodef-e-inner\">\n\t\t\t\t\t<a class=\"qodef-popup-item\" itemprop=\"image\" href=\"https:\/\/natural-ks.com\/wp-content\/uploads\/2023\/12\/home-01.jpg\" data-type=\"image\" data-fslightbox=\"gallery-1\">\n\t\t\t\t\t<img loading=\"lazy\" decoding=\"async\" width=\"1920\" height=\"1080\" src=\"https:\/\/natural-ks.com\/wp-content\/uploads\/2023\/12\/home-01.jpg\" class=\"attachment- size-\" alt=\"\" srcset=\"https:\/\/natural-ks.com\/wp-content\/uploads\/2023\/12\/home-01.jpg 1920w, https:\/\/natural-ks.com\/wp-content\/uploads\/2023\/12\/home-01-300x169.jpg 300w, https:\/\/natural-ks.com\/wp-content\/uploads\/2023\/12\/home-01-1024x576.jpg 1024w, https:\/\/natural-ks.com\/wp-content\/uploads\/2023\/12\/home-01-768x432.jpg 768w, https:\/\/natural-ks.com\/wp-content\/uploads\/2023\/12\/home-01-978x550.jpg 978w, https:\/\/natural-ks.com\/wp-content\/uploads\/2023\/12\/home-01-1060x596.jpg 1060w, https:\/\/natural-ks.com\/wp-content\/uploads\/2023\/12\/home-01-1536x864.jpg 1536w, https:\/\/natural-ks.com\/wp-content\/uploads\/2023\/12\/home-01-550x309.jpg 550w, https:\/\/natural-ks.com\/wp-content\/uploads\/2023\/12\/home-01-889x500.jpg 889w, https:\/\/natural-ks.com\/wp-content\/uploads\/2023\/12\/home-01-600x338.jpg 600w\" sizes=\"(max-width: 1920px) 100vw, 1920px\" \/>\t\t\t\t\t<\/a>\n\t\t\t<\/div>\n<\/div>\n\t<\/div>\n<\/div>\n\t\t<\/div>\n\t\t\t\t<\/div>\n\t\t\t\t\t<\/div>\n\t\t<\/div>\n\t\t\t\t\t\t\t<\/div>\n\t\t<\/section>\n\t\t\t\t\t\t\t<\/div>\n\t\t","protected":false},"excerpt":{"rendered":"<p>Pishinat \/*! elementor &#8211; v3.18.0 &#8211; 20-12-2023 *\/ .elementor-heading-title{padding:0;margin:0;line-height:1}.elementor-widget-heading .elementor-heading-title[class*=elementor-size-]&gt;a{color:inherit;font-size:inherit;line-height:inherit}.elementor-widget-heading .elementor-heading-title.elementor-size-small{font-size:15px}.elementor-widget-heading .elementor-heading-title.elementor-size-medium{font-size:19px}.elementor-widget-heading .elementor-heading-title.elementor-size-large{font-size:29px}.elementor-widget-heading .elementor-heading-title.elementor-size-xl{font-size:39px}.elementor-widget-heading .elementor-heading-title.elementor-size-xxl{font-size:59px} Natural Pool &amp; Spa \u00ebsht\u00eb nj\u00eb nga oazet m\u00eb t\u00eb m\u00ebdha n\u00eb vend, me nj\u00eb sip\u00ebrfaqe prej rreth 5000 m\u00b2 dhe kapacitet p\u00ebr 300 t\u00eb ftuar. Natural Pool &amp; Spa \u00ebsht\u00eb nj\u00eb nga oazet m\u00eb t\u00eb m\u00ebdha n\u00eb vend, me nj\u00eb sip\u00ebrfaqe prej rreth 5000 m\u00b2 dhe kapacitet p\u00ebr 300&#8230; <\/p>\n<p class=\"more\"><a class=\"more-link\" href=\"https:\/\/natural-ks.com\/sq\/pool\/\">Read More<\/a><\/p>\n","protected":false},"author":1,"featured_media":0,"parent":0,"menu_order":0,"comment_status":"closed","ping_status":"closed","template":"elementor_header_footer","meta":{"inline_featured_image":false,"footnotes":""},"class_list":["post-10616","page","type-page","status-publish","hentry","is-cat-link-borders-light is-cat-link-rounded"],"aioseo_notices":[],"jetpack_sharing_enabled":true,"_links":{"self":[{"href":"https:\/\/natural-ks.com\/sq\/wp-json\/wp\/v2\/pages\/10616","targetHints":{"allow":["GET"]}}],"collection":[{"href":"https:\/\/natural-ks.com\/sq\/wp-json\/wp\/v2\/pages"}],"about":[{"href":"https:\/\/natural-ks.com\/sq\/wp-json\/wp\/v2\/types\/page"}],"author":[{"embeddable":true,"href":"https:\/\/natural-ks.com\/sq\/wp-json\/wp\/v2\/users\/1"}],"replies":[{"embeddable":true,"href":"https:\/\/natural-ks.com\/sq\/wp-json\/wp\/v2\/comments?post=10616"}],"version-history":[{"count":8,"href":"https:\/\/natural-ks.com\/sq\/wp-json\/wp\/v2\/pages\/10616\/revisions"}],"predecessor-version":[{"id":10814,"href":"https:\/\/natural-ks.com\/sq\/wp-json\/wp\/v2\/pages\/10616\/revisions\/10814"}],"wp:attachment":[{"href":"https:\/\/natural-ks.com\/sq\/wp-json\/wp\/v2\/media?parent=10616"}],"curies":[{"name":"wp","href":"https:\/\/api.w.org\/{rel}","templated":true}]}}