
{"id":10587,"date":"2023-12-18T21:21:44","date_gmt":"2023-12-18T21:21:44","guid":{"rendered":"https:\/\/www.natural-ks.com\/?page_id=10587"},"modified":"2023-12-22T16:25:55","modified_gmt":"2023-12-22T16:25:55","slug":"kushtet-e-perdorimit","status":"publish","type":"page","link":"https:\/\/natural-ks.com\/sq\/kushtet-e-perdorimit\/","title":{"rendered":"Kushtet e p\u00ebrdorimit"},"content":{"rendered":"\n<p>K\u00ebto terma dhe kushte rregullojn\u00eb p\u00ebrdorimin tuaj t\u00eb k\u00ebsaj faqeje interneti; duke p\u00ebrdorur k\u00ebt\u00eb faqe interneti, ju i pranoni plot\u00ebsisht k\u00ebto terma dhe kushte.<\/p>\n\n\n\n<p>N\u00ebse nuk jeni dakord me k\u00ebto terma dhe kushte ose ndonj\u00eb pjes\u00eb t\u00eb k\u00ebtyre termave dhe kushteve, nuk duhet t\u00eb p\u00ebrdorni k\u00ebt\u00eb faqe interneti.<\/p>\n\n\n\n<p>Ju duhet t\u00eb jeni t\u00eb pakt\u00ebn [18] vje\u00e7 p\u00ebr t\u00eb p\u00ebrdorur k\u00ebt\u00eb faqe interneti.<\/p>\n\n\n\n<p>Duke p\u00ebrdorur k\u00ebt\u00eb faqe interneti [dhe duke r\u00ebn\u00eb dakord me k\u00ebto terma dhe kushte] ju garantoni dhe p\u00ebrfaq\u00ebsoni se jeni t\u00eb pakt\u00ebn [18] vje\u00e7.<\/p>\n\n\n\n<p>Licenc\u00eb p\u00ebr t\u00eb p\u00ebrdorur faqen e internetit<\/p>\n\n\n\n<p>P\u00ebrve\u00e7 n\u00ebse p\u00ebrcaktohet ndryshe, Natural Pool &amp; Spa zot\u00ebron t\u00eb drejtat e pron\u00ebsis\u00eb intelektuale n\u00eb faqen e internetit dhe materialet n\u00eb faqen e internetit.<\/p>\n\n\n\n<p>N\u00eb var\u00ebsi t\u00eb licenc\u00ebs m\u00eb posht\u00eb, t\u00eb gjitha k\u00ebto t\u00eb drejta t\u00eb pron\u00ebsis\u00eb intelektuale jan\u00eb t\u00eb rezervuara.<\/p>\n\n\n\n<p>Ju mund t\u00eb shikoni, shkarkoni vet\u00ebm p\u00ebr q\u00ebllime memorie dhe printoni faqe nga faqja e internetit p\u00ebr p\u00ebrdorimin tuaj personal, subjekt i kufizimeve t\u00eb p\u00ebrcaktuara m\u00eb posht\u00eb dhe gjetk\u00eb n\u00eb k\u00ebto Terma dhe Kushte.<\/p>\n\n\n\n<p>Ju nuk duhet:<\/p>\n\n\n\n<p>Ripublikoni materialin nga kjo faqe interneti (duke p\u00ebrfshir\u00eb ripublikimin n\u00eb nj\u00eb faqe tjet\u00ebr interneti); t\u00eb shes\u00eb, marr\u00eb me qira ose n\u00ebn-licencoj\u00eb materiale nga faqja e internetit;<\/p>\n\n\n\n<p>shfaqni publikisht \u00e7do material nga faqja e internetit; riprodhoni, kopjoni, kopjoni ose shfryt\u00ebzoni n\u00eb m\u00ebnyra t\u00eb tjera materiale n\u00eb k\u00ebt\u00eb faqe interneti<\/p>\n\n\n\n<p>p\u00ebr q\u00ebllime tregtare; modifikoni ose modifikoni ndryshe \u00e7do material n\u00eb faqen e internetit.<\/p>\n\n\n\n<p>P\u00ebrdorimi i pranuesh\u00ebm<\/p>\n\n\n\n<p>Ju nuk duhet ta p\u00ebrdorni k\u00ebt\u00eb faqe interneti n\u00eb asnj\u00eb m\u00ebnyr\u00eb q\u00eb shkakton, ose mund t\u00eb shkaktoj\u00eb, d\u00ebmtim t\u00eb faqes s\u00eb internetit ose d\u00ebmtim t\u00eb disponueshm\u00ebris\u00eb ose aksesit t\u00eb faqes s\u00eb internetit; ose n\u00eb \u00e7far\u00ebdo m\u00ebnyre q\u00eb \u00ebsht\u00eb e paligjshme, e paligjshme, mashtruese ose e d\u00ebmshme, ose n\u00eb lidhje me ndonj\u00eb q\u00ebllim ose aktivitet t\u00eb paligjsh\u00ebm, t\u00eb paligjsh\u00ebm, mashtrues ose t\u00eb d\u00ebmsh\u00ebm.<\/p>\n\n\n\n<p>Ju nuk duhet ta p\u00ebrdorni k\u00ebt\u00eb faqe interneti p\u00ebr t\u00eb kopjuar, ruajtur, pritur, transmetuar, d\u00ebrguar, p\u00ebrdorur, publikuar ose shp\u00ebrndar\u00eb ndonj\u00eb material q\u00eb p\u00ebrb\u00ebhet nga<\/p>\n\n\n\n<p>(ose \u00ebsht\u00eb i lidhur me) \u00e7do softuer spyware, virus kompjuterik, logger me tastier\u00eb, rootkit ose softuer tjet\u00ebr kompjuterik me q\u00ebllim t\u00eb keq.<\/p>\n\n\n\n<p>Ju nuk duhet t\u00eb kryeni asnj\u00eb aktivitet sistematik ose t\u00eb automatizuar t\u00eb mbledhjes s\u00eb t\u00eb dh\u00ebnave (p\u00ebrfshir\u00eb grumbullimin pa kufizim, nxjerrjen e t\u00eb dh\u00ebnave,nxjerrja e t\u00eb dh\u00ebnave dhe grumbullimi i t\u00eb dh\u00ebnave) n\u00eb ose n\u00eb lidhje me k\u00ebt\u00eb faqe interneti pa p\u00eblqimin e shprehur me shkrim t\u00eb Natural Spa.<\/p>\n\n\n\n<p>Ju nuk duhet ta p\u00ebrdorni k\u00ebt\u00eb faqe interneti p\u00ebr t\u00eb transmetuar ose d\u00ebrguar komunikime tregtare t\u00eb pak\u00ebrkuara.<\/p>\n\n\n\n<p>Ju nuk duhet ta p\u00ebrdorni k\u00ebt\u00eb faqe interneti p\u00ebr asnj\u00eb q\u00ebllim q\u00eb lidhet me marketingun pa p\u00eblqimin e shprehur me shkrim t\u00eb Natural Pool &amp; Spa.<\/p>\n\n\n\n<p>Qasje e kufizuar<\/p>\n\n\n\n<p>Qasja n\u00eb zona t\u00eb caktuara t\u00eb k\u00ebsaj faqe interneti \u00ebsht\u00eb e kufizuar. Natural Pool &amp; Spa rezervon t\u00eb drejt\u00ebn t\u00eb kufizoj\u00eb aksesin n\u00eb \u00e7do zon\u00eb t\u00eb k\u00ebsaj faqeje interneti, ose n\u00eb t\u00eb v\u00ebrtet\u00eb t\u00eb gjith\u00eb k\u00ebsaj faqe interneti.<\/p>\n\n\n\n<p>N\u00ebse Natural Pool &amp; Spa ju ofron nj\u00eb ID p\u00ebrdoruesi dhe fjal\u00ebkalim p\u00ebr t&#8217;ju mund\u00ebsuar aksesin n\u00eb zonat e kufizuara t\u00eb k\u00ebsaj faqeje interneti ose p\u00ebrmbajtje ose sh\u00ebrbime t\u00eb tjera, duhet t\u00eb siguroheni q\u00eb ID e p\u00ebrdoruesit dhe fjal\u00ebkalimi t\u00eb mbahen konfidenciale.<\/p>\n\n\n\n<p>Natural Pool &amp; Spa mund t\u00eb \u00e7aktivizoj\u00eb ID-n\u00eb tuaj t\u00eb p\u00ebrdoruesit dhe fjal\u00ebkalimin n\u00eb Natural Pool &amp; Spa sipas gjykimit t\u00eb vet\u00ebm pa njoftim ose shpjegim.<\/p>\n\n\n\n<p>Arsyeshm\u00ebria<\/p>\n\n\n\n<p>Duke p\u00ebrdorur k\u00ebt\u00eb faqe interneti, ju pranoni q\u00eb k\u00ebto kushte t\u00eb p\u00ebrcaktuara n\u00eb k\u00ebt\u00eb mohim t\u00eb saj n\u00eb internet jan\u00eb t\u00eb arsyeshme.<\/p>\n\n\n\n<p>N\u00ebse nuk mendoni se jan\u00eb t\u00eb arsyeshme, nuk duhet ta p\u00ebrdorni k\u00ebt\u00eb faqe interneti.<\/p>\n\n\n\n<p>Shkeljet e k\u00ebtyre termave dhe kushteve<\/p>\n\n\n\n<p>Pa paragjykime Natural Pool &amp; Spa t\u00eb drejta t\u00eb tjera sipas k\u00ebtyre termave dhe kushteve, n\u00ebse i shkelni k\u00ebto terma dhe kushte n\u00eb \u00e7far\u00ebdo m\u00ebnyre,<\/p>\n\n\n\n<p>Natural Pool &amp; Spa mund t\u00eb nd\u00ebrmarr\u00eb veprime t\u00eb tilla q\u00eb Natural Pool &amp; Spa e konsideron t\u00eb p\u00ebrshtatshme p\u00ebr t&#8217;u marr\u00eb me shkeljen, duke p\u00ebrfshir\u00eb pezullimin e aksesit tuaj n\u00eb faqen e internetit,duke ju ndaluar hyrjen n\u00eb faqen e internetit, duke bllokuar kompjuter\u00ebt q\u00eb p\u00ebrdorin adres\u00ebn tuaj IP p\u00ebr t\u00eb hyr\u00eb n\u00eb uebsajt, duke kontaktuar internetin tuaj ofruesi i sh\u00ebrbimit t\u00eb k\u00ebrkoj\u00eb q\u00eb ata t\u00eb bllokojn\u00eb aksesin tuaj n\u00eb faqen e internetit dhe\/ose t\u00eb ngren\u00eb procedura gjyq\u00ebsore kund\u00ebr jush.<\/p>\n\n\n\n<p>Politika e rimbursimit dhe anulimit<\/p>\n\n\n\n<p>____________________________________<\/p>\n\n\n\n<p>Edhe pse Natural Pool &amp; Spa p\u00ebrpiqet t\u00eb ofroj\u00eb standardet m\u00eb t\u00eb larta n\u00eb cil\u00ebsin\u00eb, sigurin\u00eb dhe k\u00ebnaq\u00ebsin\u00eb e mysafir\u00ebve, ne nuk jemi t\u00eb sigurt nga ndonj\u00eb ngjarje e papritur q\u00eb mund t\u00eb ndodh\u00eb para ose gjat\u00eb pushimeve tuaja. Prandaj, ju lutemi gjeni politik\u00ebn ton\u00eb t\u00eb rimbursimit dhe anulimit m\u00eb posht\u00eb.<\/p>\n\n\n\n<p>TERMAT DHE KUSHTET<\/p>\n\n\n\n<p>Informacioni i m\u00ebposht\u00ebm parashtron politik\u00ebn e rimbursimit dhe anulimit si p\u00ebr rezervimet paraprake n\u00eb internet, ashtu edhe p\u00ebr blerjet direkte n\u00eb cilindo nga banjat tona lokale p\u00ebr: Pishina natyrore &amp; Spa-.<\/p>\n\n\n\n<p>1. Rimbursimi do t\u00eb sigurohet si m\u00eb posht\u00eb<\/p>\n\n\n\n<p>N\u00ebse klienti anulon&#8230;<\/p>\n\n\n\n<p>\u2022 deri n\u00eb 24 or\u00eb p\u00ebrpara koh\u00ebs s\u00eb planifikuar t\u00eb sh\u00ebrbimit: rimbursim i plot\u00eb<\/p>\n\n\n\n<p>\u2022 m\u00eb pak se 24 or\u00eb: 50% rimbursim<\/p>\n\n\n\n<p>\u2022 vones\u00eb nga 15 minuta pas koh\u00ebs s\u00eb planifikuar: pa rimbursim*<\/p>\n\n\n\n<p>\u2022 pa shfaqje: pa rimbursim<\/p>\n\n\n\n<p>P\u00ebr anulimet e sh\u00ebrbimeve ose certifikatat e dhuratave t\u00eb blera online me nj\u00eb dat\u00eb t\u00eb hapur, data e mb\u00ebrritjes do t\u00eb merret si afat.<\/p>\n\n\n\n<p>Anulimi i sh\u00ebrbimeve t\u00eb blera n\u00eb banj\u00ebn lokale k\u00ebrkon anulim direkt n\u00eb recepsionin e banj\u00ebs.<\/p>\n\n\n\n<p>* Vonesat prej 15 minutash ose m\u00eb shum\u00eb do t\u00eb shihen si &#8220;mos shfaqje&#8221; dhe do t\u00eb rezultojn\u00eb n\u00eb munges\u00eb t\u00eb rimbursimit. P\u00ebr disa trajtime, mund t\u00eb keni mund\u00ebsin\u00eb e nj\u00eb kohe t\u00eb reduktuar sh\u00ebrbimi.<\/p>\n\n\n\n<p>2. Nuk aplikohet asnj\u00eb tarif\u00eb, n\u00eb rast t\u00eb&#8230;<\/p>\n\n\n\n<p>\u2022 sh\u00ebrbimi i anuluar nga Natural Pool &amp; Spa<\/p>\n\n\n\n<p>\u2022 arsye mjek\u00ebsore<\/p>\n\n\n\n<p>Ju lutemi vini re se ne nuk jemi n\u00eb gjendje t\u00eb rimbursojm\u00eb asnj\u00eb lloj tarife, t\u00eb ngarkuar ose t\u00eb paguar te nj\u00eb pal\u00eb e tret\u00eb, si Paypal ose bank\u00eb.<\/p>\n\n\n\n<p>Rimbursimi do t\u00eb l\u00ebshohet n\u00eb form\u00ebn origjinale t\u00eb pages\u00ebs q\u00eb keni p\u00ebrdorur gjat\u00eb blerjes. Kushtet e akreditimit i n\u00ebnshtrohen rregulloreve ekzistuese t\u00eb pastrimit t\u00eb bankave, t\u00eb cilat nuk kontrollohen nga Natural Pool &amp; Spa. N\u00eb disa raste, mund t\u00eb duhen deri n\u00eb 45 dit\u00eb p\u00ebr t\u00eb par\u00eb rimbursimin e pasqyruar n\u00eb llogarin\u00eb tuaj p\u00ebr shkak t\u00eb rregulloreve t\u00eb vendit dhe bankave.<\/p>\n\n\n\n<p>Natural Pool &amp; Spa p\u00ebrpiqet t\u00eb ofroj\u00eb sh\u00ebrbim t\u00eb shk\u00eblqyer ndaj klientit dhe k\u00ebnaq\u00ebsi t\u00eb mysafir\u00ebve. Prandaj, ju lutemi adresoni \u00e7do lloj problemi drejtp\u00ebrdrejt te ekipi yn\u00eb n\u00eb spa n\u00eb vend, pasi k\u00ebtu mund t&#8217;ju sh\u00ebrbejm\u00eb m\u00eb s\u00eb miri.<\/p>\n","protected":false},"excerpt":{"rendered":"<p>K\u00ebto terma dhe kushte rregullojn\u00eb p\u00ebrdorimin tuaj t\u00eb k\u00ebsaj faqeje interneti; duke p\u00ebrdorur k\u00ebt\u00eb faqe interneti, ju i pranoni plot\u00ebsisht k\u00ebto terma dhe kushte. N\u00ebse nuk jeni dakord me k\u00ebto terma dhe kushte ose ndonj\u00eb pjes\u00eb t\u00eb k\u00ebtyre termave dhe kushteve, nuk duhet t\u00eb p\u00ebrdorni k\u00ebt\u00eb faqe interneti. Ju duhet t\u00eb jeni t\u00eb pakt\u00ebn [18] vje\u00e7 p\u00ebr t\u00eb p\u00ebrdorur k\u00ebt\u00eb faqe interneti. Duke p\u00ebrdorur k\u00ebt\u00eb&#8230; <\/p>\n<p class=\"more\"><a class=\"more-link\" href=\"https:\/\/natural-ks.com\/sq\/kushtet-e-perdorimit\/\">Read More<\/a><\/p>\n","protected":false},"author":1,"featured_media":0,"parent":0,"menu_order":0,"comment_status":"closed","ping_status":"closed","template":"","meta":{"inline_featured_image":false,"footnotes":""},"class_list":["post-10587","page","type-page","status-publish","hentry","is-cat-link-borders-light is-cat-link-rounded"],"aioseo_notices":[],"jetpack_sharing_enabled":true,"_links":{"self":[{"href":"https:\/\/natural-ks.com\/sq\/wp-json\/wp\/v2\/pages\/10587","targetHints":{"allow":["GET"]}}],"collection":[{"href":"https:\/\/natural-ks.com\/sq\/wp-json\/wp\/v2\/pages"}],"about":[{"href":"https:\/\/natural-ks.com\/sq\/wp-json\/wp\/v2\/types\/page"}],"author":[{"embeddable":true,"href":"https:\/\/natural-ks.com\/sq\/wp-json\/wp\/v2\/users\/1"}],"replies":[{"embeddable":true,"href":"https:\/\/natural-ks.com\/sq\/wp-json\/wp\/v2\/comments?post=10587"}],"version-history":[{"count":1,"href":"https:\/\/natural-ks.com\/sq\/wp-json\/wp\/v2\/pages\/10587\/revisions"}],"predecessor-version":[{"id":10588,"href":"https:\/\/natural-ks.com\/sq\/wp-json\/wp\/v2\/pages\/10587\/revisions\/10588"}],"wp:attachment":[{"href":"https:\/\/natural-ks.com\/sq\/wp-json\/wp\/v2\/media?parent=10587"}],"curies":[{"name":"wp","href":"https:\/\/api.w.org\/{rel}","templated":true}]}}