
{"id":10582,"date":"2023-08-16T16:00:41","date_gmt":"2023-08-16T16:00:41","guid":{"rendered":"https:\/\/www.natural-ks.com\/?page_id=10582"},"modified":"2023-12-23T08:15:52","modified_gmt":"2023-12-23T08:15:52","slug":"politika-e-privatesise","status":"publish","type":"page","link":"https:\/\/natural-ks.com\/sq\/politika-e-privatesise\/","title":{"rendered":"POLITIKA E PRIVAT\u00cbSIS\u00cb"},"content":{"rendered":"\n<p>Kjo politik\u00eb e privat\u00ebsis\u00eb rregullon m\u00ebnyr\u00ebn n\u00eb t\u00eb cil\u00ebn Natural Pool &amp; Spa mbledh, p\u00ebrdor, ruan dhe zbulon informacionin e mbledhur nga p\u00ebrdoruesit (secili, nj\u00eb &#8220;P\u00ebrdorues&#8221;) t\u00eb faqes s\u00eb internetit www.natural-ks.com (&#8220;Site&#8221;). Kjo politik\u00eb e privat\u00ebsis\u00eb zbatohet p\u00ebr sitin dhe t\u00eb gjitha produktet dhe sh\u00ebrbimet e ofruara nga Natural Pool &amp; Spa.<\/p>\n\n\n\n<p><strong>Informacion personal identifikimi<\/strong><\/p>\n\n\n\n<p>Ne mund t\u00eb mbledhim informacion personal identifikimi nga P\u00ebrdoruesit n\u00eb m\u00ebnyra t\u00eb ndryshme, duke p\u00ebrfshir\u00eb, por pa u kufizuar n\u00eb kur P\u00ebrdoruesit vizitojn\u00eb faqen ton\u00eb, regjistrohen n\u00eb sit, b\u00ebjn\u00eb nj\u00eb porosi, plot\u00ebsojn\u00eb nj\u00eb formular dhe n\u00eb lidhje me aktivitete t\u00eb tjera, sh\u00ebrbimet, ve\u00e7orit\u00eb ose burimet q\u00eb ne i v\u00ebm\u00eb n\u00eb dispozicion n\u00eb faqen ton\u00eb.<\/p>\n\n\n\n<p>P\u00ebrdoruesve mund t&#8217;u k\u00ebrkohet, sipas rastit, emri, adresa e emailit, adresa e post\u00ebs, numrin e telefonit dhe informacionin e kart\u00ebs s\u00eb kreditit. Sidoqoft\u00eb, p\u00ebrdoruesit mund t\u00eb vizitojn\u00eb faqen ton\u00eb n\u00eb m\u00ebnyr\u00eb anonime.<\/p>\n\n\n\n<p>Ne do t\u00eb mbledhim informacion personal identifikimi nga P\u00ebrdoruesit vet\u00ebm n\u00ebse ata na e paraqesin vullnetarisht nj\u00eb informacion t\u00eb till\u00eb.<\/p>\n\n\n\n<p>P\u00ebrdoruesit gjithmon\u00eb mund t\u00eb refuzojn\u00eb t\u00eb japin informacion personal identifikimi, p\u00ebrve\u00e7 q\u00eb mund t&#8217;i pengoj\u00eb ata t\u00eb angazhohen n\u00eb aktivitete t\u00eb caktuara q\u00eb lidhen me Faqen.<\/p>\n\n\n\n<p><strong>Informacion identifikimi jo-personal<\/strong><\/p>\n\n\n\n<p>Ne mund t\u00eb mbledhim informacione identifikimi jo-personale p\u00ebr P\u00ebrdoruesit sa her\u00eb q\u00eb ata nd\u00ebrveprojn\u00eb me faqen ton\u00eb.<\/p>\n\n\n\n<p>Informacioni i identifikimit jo-personal mund t\u00eb p\u00ebrfshij\u00eb emrin e shfletuesit, llojin e kompjuterit dhe informacionin teknik p\u00ebr P\u00ebrdoruesit mjetet e lidhjes me faqen ton\u00eb, t\u00eb tilla si sistemi operativ dhe ofruesi i sh\u00ebrbimit t\u00eb internetit t\u00eb p\u00ebrdorur dhe informacione t\u00eb tjera t\u00eb ngjashme.<\/p>\n\n\n\n<p><strong>Kukit e shfletuesit t\u00eb internetit<\/strong><\/p>\n\n\n\n<p>Faqja jon\u00eb p\u00ebrdor &#8220;cookies&#8221; p\u00ebr t\u00eb p\u00ebrmir\u00ebsuar p\u00ebrvoj\u00ebn e p\u00ebrdoruesit. Shfletuesi i internetit i p\u00ebrdoruesit vendos kuki n\u00eb hard diskun e tij p\u00ebr q\u00ebllime t\u00eb mbajtjes s\u00eb t\u00eb dh\u00ebnave dhe ndonj\u00ebher\u00eb p\u00ebr t\u00eb gjurmuar informacion rreth tyre. P\u00ebrdoruesi mund t\u00eb zgjedh\u00eb t\u00eb vendos\u00eb shfletuesin e tij t\u00eb internetit q\u00eb t\u00eb refuzoj\u00eb cookies, ose p\u00ebr t&#8217;ju njoftuar kur d\u00ebrgohen cookies. N\u00ebse e b\u00ebjn\u00eb k\u00ebt\u00eb, kini parasysh se disa pjes\u00eb t\u00eb sajtit mund t\u00eb mos funksionojn\u00eb si\u00e7 duhet.<\/p>\n\n\n\n<p><strong>Si e p\u00ebrdorim informacionin e mbledhur<\/strong><\/p>\n\n\n\n<p>Natural Pool &amp; Spa mund t\u00eb mbledh\u00eb dhe t\u00eb p\u00ebrdor\u00eb t\u00eb dh\u00ebnat personale t\u00eb p\u00ebrdoruesve p\u00ebr q\u00ebllimet e m\u00ebposhtme:<\/p>\n\n\n\n<p>P\u00ebr t\u00eb p\u00ebrmir\u00ebsuar sh\u00ebrbimin ndaj klientit Informacioni q\u00eb jepni na ndihmon t&#8217;u p\u00ebrgjigjemi k\u00ebrkesave tuaja p\u00ebr sh\u00ebrbimin ndaj klientit dhe nevojave t\u00eb mb\u00ebshtetjes n\u00eb m\u00ebnyr\u00eb m\u00eb efikase.<\/p>\n\n\n\n<p>P\u00ebr t\u00eb p\u00ebrmir\u00ebsuar faqen ton\u00eb Ne mund t\u00eb p\u00ebrdorim komentet q\u00eb ju jepni p\u00ebr t\u00eb p\u00ebrmir\u00ebsuar produktet dhe sh\u00ebrbimet tona.<\/p>\n\n\n\n<p>P\u00ebr t\u00eb p\u00ebrpunuar pagesat Ne mund t\u00eb p\u00ebrdorim informacionin q\u00eb P\u00ebrdoruesit japin p\u00ebr veten e tyre kur b\u00ebjn\u00eb nj\u00eb porosi vet\u00ebm p\u00ebr t&#8217;i ofruar sh\u00ebrbim asaj porosie.<\/p>\n\n\n\n<p>Ne nuk e ndajm\u00eb k\u00ebt\u00eb informacion me pal\u00ebt e jashtme, p\u00ebrve\u00e7 n\u00eb mas\u00ebn e nevojshme p\u00ebr t\u00eb ofruar sh\u00ebrbimin.<\/p>\n\n\n\n<p>P\u00ebr t\u00eb d\u00ebrguar email periodik Ne mund t\u00eb p\u00ebrdorim adres\u00ebn e emailit p\u00ebr t\u00eb d\u00ebrguar informacione dhe p\u00ebrdit\u00ebsime t\u00eb P\u00ebrdoruesit n\u00eb lidhje me porosin\u00eb e tyre.<\/p>\n\n\n\n<p>Mund t\u00eb p\u00ebrdoret gjithashtu p\u00ebr t&#8217;iu p\u00ebrgjigjur pyetjeve, pyetjeve dhe\/ose k\u00ebrkesave t\u00eb tjera t\u00eb tyre.<\/p>\n\n\n\n<p>N\u00ebse P\u00ebrdoruesi vendos t\u00eb zgjedh\u00eb list\u00ebn ton\u00eb t\u00eb postimeve, ai do t\u00eb marr\u00eb email-e q\u00eb mund t\u00eb p\u00ebrfshijn\u00eb lajme t\u00eb kompanis\u00eb, p\u00ebrdit\u00ebsime, informacione t\u00eb lidhura me produktin ose sh\u00ebrbimin, etj.<\/p>\n\n\n\n<p>N\u00ebse n\u00eb \u00e7do koh\u00eb P\u00ebrdoruesi d\u00ebshiron t\u00eb \u00e7abonohet nga marrja e emaileve t\u00eb ardhshme, ata mund ta b\u00ebjn\u00eb k\u00ebt\u00eb duke na kontaktuar n\u00ebp\u00ebrmjet faqes son\u00eb.<\/p>\n\n\n\n<p><strong>Si e mbrojm\u00eb informacionin tuaj<\/strong> ?<\/p>\n\n\n\n<p>Ne miratojm\u00eb praktikat e duhura t\u00eb mbledhjes, ruajtjes dhe p\u00ebrpunimit t\u00eb t\u00eb dh\u00ebnave dhe masat e siguris\u00eb p\u00ebr t&#8217;u mbrojtur nga aksesi i paautorizuar, ndryshimi, zbulimi ose shkat\u00ebrrimi i informacionit tuaj personal, emrit t\u00eb p\u00ebrdoruesit, fjal\u00ebkalimit, informacionit t\u00eb transaksionit dhe t\u00eb dh\u00ebnave t\u00eb ruajtura n\u00eb faqen ton\u00eb.<\/p>\n\n\n\n<p>Shk\u00ebmbimi i ndjesh\u00ebm dhe privat i t\u00eb dh\u00ebnave nd\u00ebrmjet sajtit dhe p\u00ebrdoruesve t\u00eb tij ndodh p\u00ebrmes nj\u00eb kanali komunikimi t\u00eb siguruar SSL dhe \u00ebsht\u00eb i koduar dhe i mbrojtur me n\u00ebnshkrime dixhitale.<\/p>\n\n\n\n<p><strong>Ndarja e informacionit tuaj personal<\/strong><\/p>\n\n\n\n<p>Ne nuk shesim, tregtojm\u00eb ose japim me qira informacionin personal t\u00eb identifikimit t\u00eb p\u00ebrdoruesve tek t\u00eb tjer\u00ebt.<\/p>\n\n\n\n<p>Ne mund t\u00eb ndajm\u00eb informacion t\u00eb p\u00ebrgjithsh\u00ebm demografik t\u00eb grumbulluar q\u00eb nuk \u00ebsht\u00eb i lidhur me ndonj\u00eb informacion personal identifikimi n\u00eb lidhje me vizitor\u00ebt dhe p\u00ebrdoruesit me partner\u00ebt tan\u00eb t\u00eb biznesit, bashk\u00ebpun\u00ebtor\u00ebt dhe reklamuesit tan\u00eb t\u00eb besuar p\u00ebr q\u00ebllimet e p\u00ebrshkruara m\u00eb sip\u00ebr.<\/p>\n\n\n\n<p>Ne mund t\u00eb p\u00ebrdorim ofrues sh\u00ebrbimesh t\u00eb pal\u00ebve t\u00eb treta p\u00ebr t\u00eb na ndihmuar t\u00eb operojm\u00eb biznesin dhe faqen ton\u00eb ose t\u00eb administrojm\u00eb aktivitete n\u00eb emrin ton\u00eb, t\u00eb tilla si d\u00ebrgimi i buletineve ose anketave.<\/p>\n\n\n\n<p>Ne mund t\u00eb ndajm\u00eb informacionin tuaj me k\u00ebto pal\u00eb t\u00eb treta p\u00ebr ato q\u00ebllime t\u00eb kufizuara me kusht q\u00eb ju t\u00eb na keni dh\u00ebn\u00eb lejen tuaj Ndryshime n\u00eb k\u00ebt\u00eb politik\u00eb t\u00eb privat\u00ebsis\u00eb Natural Pool &amp; Spa ka diskrecionin p\u00ebr t\u00eb p\u00ebrdit\u00ebsuar k\u00ebt\u00eb politik\u00eb t\u00eb privat\u00ebsis\u00eb n\u00eb \u00e7do koh\u00eb.<\/p>\n\n\n\n<p>Kur ta b\u00ebjm\u00eb k\u00ebt\u00eb, ne do t\u00eb rishikojm\u00eb dat\u00ebn e p\u00ebrdit\u00ebsuar n\u00eb fund t\u00eb k\u00ebsaj faqeje.<\/p>\n\n\n\n<p>Ne inkurajojm\u00eb p\u00ebrdoruesit q\u00eb ta kontrollojn\u00eb shpesh k\u00ebt\u00eb faqe p\u00ebr \u00e7do ndryshim p\u00ebr t\u00eb q\u00ebndruar t\u00eb informuar se si po ndihmojm\u00eb n\u00eb mbrojtjen e informacionit personal q\u00eb mbledhim.<\/p>\n\n\n\n<p>Ju e pranoni dhe pranoni se \u00ebsht\u00eb p\u00ebrgjegj\u00ebsia juaj t\u00eb rishikoni periodikisht k\u00ebt\u00eb politik\u00eb t\u00eb privat\u00ebsis\u00eb dhe t\u00eb jeni t\u00eb vet\u00ebdijsh\u00ebm p\u00ebr modifikimet.<\/p>\n\n\n\n<p><strong>Pranimi juaj i k\u00ebtyre kushteve<\/strong><\/p>\n\n\n\n<p>Duke p\u00ebrdorur k\u00ebt\u00eb Faqe, ju n\u00ebnkuptoni pranimin tuaj t\u00eb k\u00ebsaj politike.<\/p>\n\n\n\n<p>N\u00ebse nuk jeni dakord me k\u00ebt\u00eb politik\u00eb, ju lutemi mos p\u00ebrdorni faqen ton\u00eb.<\/p>\n\n\n\n<p>P\u00ebrdorimi i vazhduesh\u00ebm i faqes pas postimit t\u00eb ndryshimeve n\u00eb k\u00ebt\u00eb politik\u00eb do t\u00eb konsiderohet si pranimi juaj i k\u00ebtyre ndryshimeve.<\/p>\n\n\n\n<p><strong>Koh\u00ebzgjatja e P\u00ebrdorimit<\/strong><\/p>\n\n\n\n<p>Ne do t&#8217;i ruajm\u00eb t\u00eb dh\u00ebnat tuaja derisa t\u00eb mos na lejoni m\u00eb t&#8217;i p\u00ebrdorim ato p\u00ebr q\u00ebllimin (at) q\u00eb jan\u00eb mbledhur. Ne mund t\u00eb ruajm\u00eb informacionin si\u00e7 k\u00ebrkohet nga ligji.<\/p>\n\n\n\n<p><strong>Na kontaktoni<\/strong><\/p>\n\n\n\n<p>N\u00ebse keni ndonj\u00eb pyetje n\u00eb lidhje me k\u00ebt\u00eb Politik\u00eb t\u00eb Privat\u00ebsis\u00eb, praktikat e k\u00ebsaj faqeje ose marr\u00ebdh\u00ebniet tuaja me k\u00ebt\u00eb faqe, ju lutemi na kontaktoni n\u00eb:<\/p>\n\n\n\n<p>www.natural-ks.com<\/p>\n\n\n\n<p>+38348473473 Sojev\u00eb, Ferizaj-Kosov\u00eb,<\/p>\n","protected":false},"excerpt":{"rendered":"<p>Kjo politik\u00eb e privat\u00ebsis\u00eb rregullon m\u00ebnyr\u00ebn n\u00eb t\u00eb cil\u00ebn Natural Pool &amp; Spa mbledh, p\u00ebrdor, ruan dhe zbulon informacionin e mbledhur nga p\u00ebrdoruesit (secili, nj\u00eb &#8220;P\u00ebrdorues&#8221;) t\u00eb faqes s\u00eb internetit www.natural-ks.com (&#8220;Site&#8221;). Kjo politik\u00eb e privat\u00ebsis\u00eb zbatohet p\u00ebr sitin dhe t\u00eb gjitha produktet dhe sh\u00ebrbimet e ofruara nga Natural Pool &amp; Spa. Informacion personal identifikimi Ne mund t\u00eb mbledhim informacion personal identifikimi nga P\u00ebrdoruesit n\u00eb&#8230; <\/p>\n<p class=\"more\"><a class=\"more-link\" href=\"https:\/\/natural-ks.com\/sq\/politika-e-privatesise\/\">Read More<\/a><\/p>\n","protected":false},"author":1,"featured_media":0,"parent":0,"menu_order":0,"comment_status":"closed","ping_status":"open","template":"","meta":{"inline_featured_image":false,"footnotes":""},"class_list":["post-10582","page","type-page","status-publish","hentry","is-cat-link-borders-light is-cat-link-rounded"],"aioseo_notices":[],"jetpack_sharing_enabled":true,"_links":{"self":[{"href":"https:\/\/natural-ks.com\/sq\/wp-json\/wp\/v2\/pages\/10582","targetHints":{"allow":["GET"]}}],"collection":[{"href":"https:\/\/natural-ks.com\/sq\/wp-json\/wp\/v2\/pages"}],"about":[{"href":"https:\/\/natural-ks.com\/sq\/wp-json\/wp\/v2\/types\/page"}],"author":[{"embeddable":true,"href":"https:\/\/natural-ks.com\/sq\/wp-json\/wp\/v2\/users\/1"}],"replies":[{"embeddable":true,"href":"https:\/\/natural-ks.com\/sq\/wp-json\/wp\/v2\/comments?post=10582"}],"version-history":[{"count":4,"href":"https:\/\/natural-ks.com\/sq\/wp-json\/wp\/v2\/pages\/10582\/revisions"}],"predecessor-version":[{"id":10825,"href":"https:\/\/natural-ks.com\/sq\/wp-json\/wp\/v2\/pages\/10582\/revisions\/10825"}],"wp:attachment":[{"href":"https:\/\/natural-ks.com\/sq\/wp-json\/wp\/v2\/media?parent=10582"}],"curies":[{"name":"wp","href":"https:\/\/api.w.org\/{rel}","templated":true}]}}