
{"id":10569,"date":"2023-08-30T21:10:32","date_gmt":"2023-08-30T21:10:32","guid":{"rendered":"https:\/\/www.natural-ks.com\/menu\/"},"modified":"2026-01-17T10:56:07","modified_gmt":"2026-01-17T10:56:07","slug":"menu","status":"publish","type":"page","link":"https:\/\/natural-ks.com\/sq\/menu\/","title":{"rendered":"Menu"},"content":{"rendered":"<h1>Menu<\/h1>\n<style>\/*! elementor - v3.18.0 - 20-12-2023 *\/<br \/>\n.elementor-widget-tabs.elementor-tabs-view-vertical .elementor-tabs-wrapper{width:25%;flex-shrink:0}.elementor-widget-tabs.elementor-tabs-view-vertical .elementor-tab-desktop-title.elementor-active{border-right-style:none}.elementor-widget-tabs.elementor-tabs-view-vertical .elementor-tab-desktop-title.elementor-active:after,.elementor-widget-tabs.elementor-tabs-view-vertical .elementor-tab-desktop-title.elementor-active:before{height:999em;width:0;right:0;border-right-style:solid}.elementor-widget-tabs.elementor-tabs-view-vertical .elementor-tab-desktop-title.elementor-active:before{top:0;transform:translateY(-100%)}.elementor-widget-tabs.elementor-tabs-view-vertical .elementor-tab-desktop-title.elementor-active:after{top:100%}.elementor-widget-tabs.elementor-tabs-view-horizontal .elementor-tab-desktop-title{display:table-cell}.elementor-widget-tabs.elementor-tabs-view-horizontal .elementor-tab-desktop-title.elementor-active{border-bottom-style:none}.elementor-widget-tabs.elementor-tabs-view-horizontal .elementor-tab-desktop-title.elementor-active:after,.elementor-widget-tabs.elementor-tabs-view-horizontal .elementor-tab-desktop-title.elementor-active:before{bottom:0;height:0;width:999em;border-bottom-style:solid}.elementor-widget-tabs.elementor-tabs-view-horizontal .elementor-tab-desktop-title.elementor-active:before{right:100%}.elementor-widget-tabs.elementor-tabs-view-horizontal .elementor-tab-desktop-title.elementor-active:after{left:100%}.elementor-widget-tabs .elementor-tab-content,.elementor-widget-tabs .elementor-tab-title,.elementor-widget-tabs .elementor-tab-title:after,.elementor-widget-tabs .elementor-tab-title:before,.elementor-widget-tabs .elementor-tabs-content-wrapper{border:1px #d5d8dc}.elementor-widget-tabs .elementor-tabs{text-align:left}.elementor-widget-tabs .elementor-tabs-wrapper{overflow:hidden}.elementor-widget-tabs .elementor-tab-title{cursor:pointer;outline:var(--focus-outline,none)}.elementor-widget-tabs .elementor-tab-desktop-title{position:relative;padding:20px 25px;font-weight:700;line-height:1;border:solid transparent}.elementor-widget-tabs .elementor-tab-desktop-title.elementor-active{border-color:#d5d8dc}.elementor-widget-tabs .elementor-tab-desktop-title.elementor-active:after,.elementor-widget-tabs .elementor-tab-desktop-title.elementor-active:before{display:block;content:\"\";position:absolute}.elementor-widget-tabs .elementor-tab-desktop-title:focus-visible{border:1px solid #000}.elementor-widget-tabs .elementor-tab-mobile-title{padding:10px;cursor:pointer}.elementor-widget-tabs .elementor-tab-content{padding:20px;display:none}@media (max-width:767px){.elementor-tabs .elementor-tab-content,.elementor-tabs .elementor-tab-title{border-style:solid solid none}.elementor-tabs .elementor-tabs-wrapper{display:none}.elementor-tabs .elementor-tabs-content-wrapper{border-bottom-style:solid}.elementor-tabs .elementor-tab-content{padding:10px}}@media (min-width:768px){.elementor-widget-tabs.elementor-tabs-view-vertical .elementor-tabs{display:flex}.elementor-widget-tabs.elementor-tabs-view-vertical .elementor-tabs-wrapper{flex-direction:column}.elementor-widget-tabs.elementor-tabs-view-vertical .elementor-tabs-content-wrapper{flex-grow:1;border-style:solid solid solid none}.elementor-widget-tabs.elementor-tabs-view-horizontal .elementor-tab-content{border-style:none solid solid}.elementor-widget-tabs.elementor-tabs-alignment-center .elementor-tabs-wrapper,.elementor-widget-tabs.elementor-tabs-alignment-end .elementor-tabs-wrapper,.elementor-widget-tabs.elementor-tabs-alignment-stretch .elementor-tabs-wrapper{display:flex}.elementor-widget-tabs.elementor-tabs-alignment-center .elementor-tabs-wrapper{justify-content:center}.elementor-widget-tabs.elementor-tabs-alignment-end .elementor-tabs-wrapper{justify-content:flex-end}.elementor-widget-tabs.elementor-tabs-alignment-stretch.elementor-tabs-view-horizontal .elementor-tab-title{width:100%}.elementor-widget-tabs.elementor-tabs-alignment-stretch.elementor-tabs-view-vertical .elementor-tab-title{height:100%}.elementor-tabs .elementor-tab-mobile-title{display:none}}<\/style>\n<p><strong>Ushqime<\/strong><br \/>\n<strong>Pije<\/strong><br \/>\n<strong>Coctails<\/strong><br \/>\n<strong>Ushqime<\/strong><\/p>\n<h2><strong>Burger &amp; Sandwich<\/strong><\/h2>\n<p><strong>Club Sandwich <\/strong><strong>4.00 \u20ac<\/strong><br \/>\n<strong>Mini Burger <\/strong><strong>4.00 \u20ac<\/strong><br \/>\n<strong>Tacos me Mish Pule <\/strong><strong>5.50 \u20ac<\/strong><br \/>\n<strong>Tacos me Mish Vi\u00e7i <\/strong><strong>6.50 \u20ac<\/strong><br \/>\n<strong>Tacos me Scampi <\/strong><strong>8.00 \u20ac<\/strong><\/p>\n<h2><strong>ANTIPASTA E FTOHt\u00cb<\/strong><\/h2>\n<p><strong>Meze NATURAL e ftoht\u00eb \/x2 Person <\/strong><strong>15.00 \u20ac<\/strong><br \/>\n<strong>Brusketa me Salmon <\/strong><strong>5.00 \u20ac<\/strong><br \/>\n<strong>Brusketa me Domatini <\/strong><strong>4.00 \u20ac<\/strong><\/p>\n<h2><strong>ANTIPASTA E NGROHT\u00cb<\/strong><\/h2>\n<p><strong>Meze e ngroht\u00eb \/x2 Person <\/strong><strong>30.00 \u20ac<\/strong><br \/>\n<strong>Pomfrit <\/strong><strong>2.50 \u20ac<\/strong><br \/>\n<strong>Spring Rolls <\/strong><strong>6.50 \u20ac<\/strong><\/p>\n<h2><strong>SALLATAT<\/strong><\/h2>\n<p><strong>Sallat\u00eb Greke <\/strong><strong>4.50 \u20ac<\/strong><br \/>\n<strong>Sallat\u00eb Rukola <\/strong><strong>6.00 \u20ac<\/strong><br \/>\n<strong>Sallat\u00eb Cezar <\/strong><strong>6.50 \u20ac<\/strong><br \/>\n<strong>Sallat\u00eb me Karkaleca <\/strong><strong>7.50 \u20ac<\/strong><\/p>\n<h2><strong>PASTA<\/strong><\/h2>\n<p><strong>Linguini me Scampi <\/strong><strong>12.00 \u20ac<\/strong><br \/>\n<strong>Linguini me\u00a0 Salmon <\/strong><strong>9.50 \u20ac<\/strong><br \/>\n<strong>Linguini me Fruta deti <\/strong><strong>9.00 \u20ac<\/strong><br \/>\n<strong>Penne Karbonara <\/strong><strong>6.50 \u20ac<\/strong><br \/>\n<strong>Penne Boloneze <\/strong><strong>6.50 \u20ac<\/strong><\/p>\n<h2><strong>PIZZA<\/strong><\/h2>\n<p><strong>Pizza Sht\u00ebpie <\/strong><strong>6.50 \u20ac<\/strong><br \/>\n<strong>Pizza Margarita <\/strong><strong>5.50 \u20ac<\/strong><br \/>\n<strong>Pizza Proshut\u00eb <\/strong><strong>6.00 \u20ac<\/strong><br \/>\n<strong>Pizza me Fruta Deti <\/strong><strong>10.00 \u20ac<br \/>\nPizza me Tuna\u00a0 <\/strong><strong>6.00 \u20ac\u00a0<\/strong><\/p>\n<h2><strong>RISOTTO<\/strong><\/h2>\n<p><strong>Risotto me Karkaleca <\/strong><strong>12.00 \u20ac<\/strong><br \/>\n<strong>Risotto me Fruta Deti <\/strong><strong>10.00 \u20ac<\/strong><br \/>\n<strong>Risotto Pule 6<\/strong><strong>.50 \u20ac<br \/>\nRisotto me Mish Vici\u00a0 8.00 \u20ac<br \/>\n<\/strong><\/p>\n<h2><strong>SPECIALITET NGA ZGARA<\/strong><\/h2>\n<p><strong>Biftek me Salc\u00eb Tartu\ufb01 <\/strong><strong>20.00 \u20ac<\/strong><br \/>\n<strong>Biftek NATURAL n\u00eb guri <\/strong><strong>24.00 \u20ac<\/strong><br \/>\n<strong>Biftek NATURAL n\u00eb guri 500gr <\/strong><strong>48.00 \u20ac<\/strong><br \/>\n<strong>Biftek NATURAL n\u00eb guri 1kg <\/strong><strong>96.00 \u20ac<br \/>\nFile Pule 7.00 \u20ac<\/strong><\/p>\n<h2><strong>SOS\u00cbRAT<\/strong><\/h2>\n<p><strong>Salc\u00eb Ferfer <\/strong><strong>2.00 \u20ac<\/strong><br \/>\n<strong>Salc\u00eb Gorgonzola <\/strong><strong>2.00 \u20ac<br \/>\nSalc\u00eb Meksikane 2.00 \u20ac<br \/>\nSalc\u00eb Tartufi 3.00\u00a0\u20ac<br \/>\n<\/strong><\/p>\n<h2><strong>SPECIALITET NGA DETI<\/strong><\/h2>\n<p><strong>Tav\u00eb me Salmon <\/strong><strong>17.00 \u20ac<\/strong><br \/>\n<strong>Tav\u00eb me Karkaleca n\u00eb Furr\u00eb <\/strong><strong>16.00 \u20ac<\/strong><br \/>\n<strong>Salmon (Perime t\u00eb Fresketa &amp; Salc\u00eb Limoni) <\/strong><strong>15.00 \u20ac<\/strong><br \/>\n<strong>Scampi n\u00eb Zgar\u00eb <\/strong><strong>13.00 \u20ac<\/strong><br \/>\n<strong>MIX Deti \/x2 Person (Salmon, Fruta Deti &amp; Scampi) <\/strong><strong>55.00 \u20ac<\/strong><br \/>\n<strong><\/p>\n<p>Pije<\/strong><\/p>\n<h2><strong>Pijet e Gazuara<\/strong><\/h2>\n<p><strong>\u00a0Cola 2.00 \u20ac<\/strong><br \/>\n<strong>Cola\u00a0Zero\u00a0\u00a02.00 \u20ac<\/strong><br \/>\n<strong>Fanta 2.00 \u20ac<br \/>\nSchweppes 2.00 \u20ac<\/strong><br \/>\n<strong>Tonic\u00a02.00 \u20ac<\/strong><br \/>\n<strong>Sprite\u00a02.00 \u20ac<\/strong><br \/>\n<strong>Frostea\u00a02.00 \u20ac<\/strong><br \/>\n<strong>Red Bull\u00a0 3.00 \u20ac<\/strong><\/p>\n<h2><strong>L\u00cbNGJE FRUTASH<\/strong><\/h2>\n<p><strong>Dredh\u00ebz\u00a0 \u00a0 \u00a0\u00a02.00 \u20ac<\/strong><br \/>\n<strong>Pjeshk\u00eb\u00a0 \u00a02.00 \u20ac<\/strong><br \/>\n<strong>Vishnje\u00a0\u00a02.00 \u20ac<\/strong><br \/>\n<strong>L\u00ebng\u00a0Portokalli\u00a0\u00a02.00 \u20ac<br \/>\n<\/strong><strong>L\u00ebng Karrote 2.00 \u20ac<\/strong><br \/>\n<strong>Moll\u00eb\u00a0 \u00a02.00 \u20ac<\/strong><\/p>\n<h2><strong>PIJE T\u00cb NGROHTA<\/strong><\/h2>\n<p><strong>Esspreso 1.50 \u20ac<\/strong><br \/>\n<strong>Makiato e Vog\u00ebl 1.50 \u20ac<\/strong><br \/>\n<strong>Makiato e Madhe 2.00 \u20ac<\/strong><br \/>\n<strong>Makiato pa Plumb 2.00 \u20ac<\/strong><br \/>\n<strong>Double Espresso 2.00 \u20ac<\/strong><br \/>\n<strong>Kafe Amerikane 2.00 \u20ac<\/strong><br \/>\n<strong>Nescafe 3n1\u00a0 2.00 \u20ac<\/strong><br \/>\n<strong>Latte Makiato 2.50 \u20ac<\/strong><\/p>\n<h2><strong>Uj\u00eb Natyral dhe Mineral<\/strong><\/h2>\n<p><strong>Uj\u00eb Aqua Panna 0.250L\u00a0 \u00a0 \u00a0 \u00a0 \u00a02.20 \u20ac<\/strong><br \/>\n<strong>Uj\u00eb San Pellgerino 0.250L\u00a0 \u00a0 \u00a02.20 \u20ac<\/strong><br \/>\n<strong>Uj\u00eb Aqua Panna 0.750L\u00a0 \u00a0 \u00a0 \u00a0 \u00a0 4.40 \u20ac<\/strong><br \/>\n<strong>Uj\u00eb\u00a0San Pellgerino\u00a00.750L\u00a0 4.40 \u20ac<\/strong><br \/>\n<strong>Uji Selita\u00a0 0.330L\u00a0 \u00a0 \u00a0 \u00a0 \u00a01.50 \u20ac<\/strong><br \/>\n<strong>Uji Selita\u00a0 \u00a0 1L\u00a0 \u00a0 \u00a0 \u00a03.00 \u20ac<\/strong><\/p>\n<h2><strong>BIRRA<\/strong><\/h2>\n<p><strong>Birra Peja\u00a0 2.50 \u20ac<\/strong><br \/>\n<strong>Birra Tuborg\u00a0 3.00 \u20ac<\/strong><br \/>\n<strong>Birra Heineken\u00a0 3.00 \u20ac<\/strong><br \/>\n<strong>Birra Lasko\u00a0 3.00 \u20ac<\/strong><br \/>\n<strong>Birra Corona\u00a0 3.50 \u20ac<\/strong><\/p>\n<h2><strong>RAKIT\u00cb GRAPA<\/strong><\/h2>\n<p><strong>Raki Rrushi 2.50 \u20ac<\/strong><br \/>\n<strong>Raki Dardh\u00eb 4.00 \u20ac<\/strong><\/p>\n<h2><strong>COGNIAC<\/strong><\/h2>\n<p><strong>Hennessy\u00a0 6.00 \u20ac<\/strong><br \/>\n<strong>Remy Martin Vsop\u00a0 6.50 \u20ac<\/strong><br \/>\n<strong>Dissarono 4.50 \u20ac<\/strong><\/p>\n<h2><strong>GIN<\/strong><\/h2>\n<p><strong>Gin Bombay\u00a0 4.50 \u20ac<\/strong><br \/>\n<strong>Gin Beefeater\u00a0 6.00 \u20ac<\/strong><br \/>\n<strong>Gin Finsbury\u00a0 7.50 \u20ac<\/strong><br \/>\n<strong>Gin Hendricks\u00a0 8.00 \u20ac<\/strong><br \/>\n<strong>Gin Hendricks 0.70 cl\u00a0 150.00 \u20ac<\/strong><\/p>\n<h2><strong>Whiskey<\/strong><\/h2>\n<p><strong>Jack Daniel Honey\u00a0 5.00 \u20ac<\/strong><br \/>\n<strong>Jack Daniels\u00a0 5.00 \u20ac<\/strong><br \/>\n<strong>Gentleman Jack\u00a0 6.00 \u20ac<\/strong><br \/>\n<strong>Johny Walker Red\u00a0 3.50 \u20ac<\/strong><br \/>\n<strong>Johny Walker Black\u00a0 5.00 \u20ac<\/strong><br \/>\n<strong>Johny Walker\u00a0 \u00a0Blue 35.00\u20ac<\/strong><br \/>\n<strong>Chivas Regal 18 YE\u00a0 10.00 \u20ac<\/strong><\/p>\n<h2><strong>VODKA<\/strong><\/h2>\n<p><strong>Vodka Ciroc shot\u00a0 6.00 \u20ac<\/strong><br \/>\n<strong>Vodka Ciroc 70 cl\u00a0 150.00 \u20ac<\/strong><br \/>\n<strong>Vodka Grey Goose shot\u00a0 7.00 \u20ac<\/strong><br \/>\n<strong>Vodka Grey Goose 750 ml\u00a0 150.00 \u20ac<\/strong><br \/>\n<strong>Vodka Belvedere shot 8.00 \u20ac<\/strong><br \/>\n<strong>Vodka Belvedere 70 cl 150.00 \u20ac<\/strong><\/p>\n<h2><strong>LIKER-RUM<\/strong><\/h2>\n<p><strong>Bayleis 3.50 \u20ac<\/strong><br \/>\n<strong>Malibu 3.50 \u20ac<\/strong><br \/>\n<strong>Jagermeister shot 4.50 \u20ac<\/strong><br \/>\n<strong>Jagermeister 1L 150.00 \u20ac<\/strong><br \/>\n<strong>Martini Bainco 3.00 \u20ac<\/strong><br \/>\n<strong>Martini Rosso 3.00 \u20ac<\/strong><\/p>\n<h2><strong>Champagne<\/strong><\/h2>\n<p><strong>Moet Chandon Imperial 250.00 \u20ac<\/strong><br \/>\n<strong>Don Perignon Vintage 380.00 \u20ac<\/strong><br \/>\n<strong>Coctails<\/strong><\/p>\n<h2><strong>Cocktails<\/strong><\/h2>\n<p><strong>Manhattan 1<\/strong><strong>0.50 \u20ac<\/strong><br \/>\n<strong>Daiquiri <\/strong><strong>10.00 \u20ac<\/strong><br \/>\n<strong>Negroni <\/strong><strong>9.50 \u20ac<\/strong><br \/>\n<strong>Mai Tai <\/strong><strong>9.00 \u20ac<\/strong><br \/>\n<strong>Cosmopolitano <\/strong><strong>8.50 \u20ac<\/strong><br \/>\n<strong>Blue Lagoon <\/strong><strong>8.00 \u20ac<\/strong><br \/>\n<strong>Pina Colada <\/strong><strong>7.50 \u20ac<\/strong><br \/>\n<strong>Margarita <\/strong><strong>7.00 \u20ac<\/strong><br \/>\n<strong>Mojitos <\/strong><strong>6.50 \u20ac<\/strong><br \/>\n<strong>Aperol Spritz <\/strong><strong>6.00 \u20ac<\/strong><\/p>\n<style>\n@media (min-width: 768px) {<br \/>\n    .menu {<br \/>\n    width: 60%;<br \/>\n    }<br \/>\n}<br \/>\n    .menu {<br \/>\n    margin: 0 auto;<br \/>\n    padding: 20px;<br \/>\n}<br \/>\n.menu h1 {<br \/>\n    text-align: center;<br \/>\n}<br \/>\n.menu h2 {<br \/>\n    color: #555;<br \/>\n    padding: 10px 0;<br \/>\n}<br \/>\n.menu-item {<br \/>\n    display: flex;<br \/>\n    justify-content: space-between;<br \/>\n    border-bottom: 1px solid #eee;<br \/>\n    padding: 8px 0;<br \/>\n}<br \/>\n.item-name {<br \/>\n    font-weight: bold;<br \/>\n}<br \/>\n.price {<br \/>\n    color: #888;<br \/>\n        white-space: pre;<br \/>\n}<br \/>\n<\/style>\n","protected":false},"excerpt":{"rendered":"<p>Menu Ushqime Pije Coctails Ushqime Burger &amp; Sandwich Club Sandwich 4.00 \u20ac Mini Burger 4.00 \u20ac Tacos me Mish Pule 5.50 \u20ac Tacos me Mish Vi\u00e7i 6.50 \u20ac Tacos me Scampi 8.00 \u20ac ANTIPASTA E FTOHt\u00cb Meze NATURAL e ftoht\u00eb \/x2 Person 15.00 \u20ac Brusketa me Salmon 5.00 \u20ac Brusketa me Domatini 4.00 \u20ac ANTIPASTA E NGROHT\u00cb Meze e ngroht\u00eb \/x2 Person 30.00 \u20ac Pomfrit&#8230; <\/p>\n<p class=\"more\"><a class=\"more-link\" href=\"https:\/\/natural-ks.com\/sq\/menu\/\">Read More<\/a><\/p>\n","protected":false},"author":1,"featured_media":0,"parent":0,"menu_order":0,"comment_status":"closed","ping_status":"closed","template":"elementor_header_footer","meta":{"inline_featured_image":false,"footnotes":""},"class_list":["post-10569","page","type-page","status-publish","hentry","is-cat-link-borders-light is-cat-link-rounded"],"aioseo_notices":[],"jetpack_sharing_enabled":true,"_links":{"self":[{"href":"https:\/\/natural-ks.com\/sq\/wp-json\/wp\/v2\/pages\/10569","targetHints":{"allow":["GET"]}}],"collection":[{"href":"https:\/\/natural-ks.com\/sq\/wp-json\/wp\/v2\/pages"}],"about":[{"href":"https:\/\/natural-ks.com\/sq\/wp-json\/wp\/v2\/types\/page"}],"author":[{"embeddable":true,"href":"https:\/\/natural-ks.com\/sq\/wp-json\/wp\/v2\/users\/1"}],"replies":[{"embeddable":true,"href":"https:\/\/natural-ks.com\/sq\/wp-json\/wp\/v2\/comments?post=10569"}],"version-history":[{"count":43,"href":"https:\/\/natural-ks.com\/sq\/wp-json\/wp\/v2\/pages\/10569\/revisions"}],"predecessor-version":[{"id":11767,"href":"https:\/\/natural-ks.com\/sq\/wp-json\/wp\/v2\/pages\/10569\/revisions\/11767"}],"wp:attachment":[{"href":"https:\/\/natural-ks.com\/sq\/wp-json\/wp\/v2\/media?parent=10569"}],"curies":[{"name":"wp","href":"https:\/\/api.w.org\/{rel}","templated":true}]}}