
{"id":10546,"date":"2023-12-14T22:19:46","date_gmt":"2023-12-14T22:19:46","guid":{"rendered":"https:\/\/www.natural-ks.com\/per-ne\/"},"modified":"2023-12-23T07:41:51","modified_gmt":"2023-12-23T07:41:51","slug":"per-ne","status":"publish","type":"page","link":"https:\/\/natural-ks.com\/sq\/per-ne\/","title":{"rendered":"P\u00ebr ne"},"content":{"rendered":"\t\t<div data-elementor-type=\"wp-page\" data-elementor-id=\"10546\" class=\"elementor elementor-10546 elementor-10298\">\n\t\t\t\t\t\t\t\t\t<section class=\"elementor-section elementor-top-section elementor-element elementor-element-6e97b0b7 elementor-section-full_width elementor-section-stretched elementor-section-height-default elementor-section-height-default\" data-id=\"6e97b0b7\" data-element_type=\"section\" data-settings=\"{&quot;stretch_section&quot;:&quot;section-stretched&quot;}\">\n\t\t\t\t\t\t<div class=\"elementor-container elementor-column-gap-default\">\n\t\t\t\t\t<div class=\"elementor-column elementor-col-100 elementor-top-column elementor-element elementor-element-1bbd9a85\" data-id=\"1bbd9a85\" data-element_type=\"column\">\n\t\t\t<div class=\"elementor-widget-wrap\">\n\t\t\t\t\t\t\t\t\t<\/div>\n\t\t<\/div>\n\t\t\t\t\t\t\t<\/div>\n\t\t<\/section>\n\t\t\t\t<section class=\"elementor-section elementor-top-section elementor-element elementor-element-552f8c94 elementor-section-height-min-height elementor-section-boxed elementor-section-height-default elementor-section-items-middle\" data-id=\"552f8c94\" data-element_type=\"section\" data-settings=\"{&quot;background_background&quot;:&quot;classic&quot;}\">\n\t\t\t\t\t\t<div class=\"elementor-container elementor-column-gap-default\">\n\t\t\t\t\t<div class=\"elementor-column elementor-col-100 elementor-top-column elementor-element elementor-element-2272ba7f\" data-id=\"2272ba7f\" data-element_type=\"column\">\n\t\t\t<div class=\"elementor-widget-wrap\">\n\t\t\t\t\t\t\t\t\t<\/div>\n\t\t<\/div>\n\t\t\t\t\t\t\t<\/div>\n\t\t<\/section>\n\t\t\t\t<section class=\"elementor-section elementor-top-section elementor-element elementor-element-667953ff elementor-section-boxed elementor-section-height-default elementor-section-height-default\" data-id=\"667953ff\" data-element_type=\"section\">\n\t\t\t\t\t\t<div class=\"elementor-container elementor-column-gap-default\">\n\t\t\t\t\t<div class=\"elementor-column elementor-col-100 elementor-top-column elementor-element elementor-element-46cc354f\" data-id=\"46cc354f\" data-element_type=\"column\">\n\t\t\t<div class=\"elementor-widget-wrap elementor-element-populated\">\n\t\t\t\t\t\t\t\t<div class=\"elementor-element elementor-element-32fe0057 elementor-widget elementor-widget-qi_addons_for_elementor_animated_text\" data-id=\"32fe0057\" data-element_type=\"widget\" data-widget_type=\"qi_addons_for_elementor_animated_text.default\">\n\t\t\t\t<div class=\"elementor-widget-container\">\n\t\t\t<div class=\"qodef-shortcode qodef-m  qodef-qi-animated-text qodef--animated-by-letter qodef--alignment-left qodef-qi--has-appear qodef--appear-from-right\" >\n\t\t<h1 class=\"qodef-m-title\">\n\t\t<span class=\"qodef-e-word-holder\">P\u00ebr<\/span> <span class=\"qodef-e-word-holder\">ne<\/span>\t<\/h1>\n<\/div>\n\t\t<\/div>\n\t\t\t\t<\/div>\n\t\t\t\t<div class=\"elementor-element elementor-element-292a0815 animated-slow elementor-invisible elementor-widget elementor-widget-heading\" data-id=\"292a0815\" data-element_type=\"widget\" data-settings=\"{&quot;_animation&quot;:&quot;fadeInUp&quot;}\" data-widget_type=\"heading.default\">\n\t\t\t\t<div class=\"elementor-widget-container\">\n\t\t\t<style>\/*! elementor - v3.18.0 - 20-12-2023 *\/\n.elementor-heading-title{padding:0;margin:0;line-height:1}.elementor-widget-heading .elementor-heading-title[class*=elementor-size-]>a{color:inherit;font-size:inherit;line-height:inherit}.elementor-widget-heading .elementor-heading-title.elementor-size-small{font-size:15px}.elementor-widget-heading .elementor-heading-title.elementor-size-medium{font-size:19px}.elementor-widget-heading .elementor-heading-title.elementor-size-large{font-size:29px}.elementor-widget-heading .elementor-heading-title.elementor-size-xl{font-size:39px}.elementor-widget-heading .elementor-heading-title.elementor-size-xxl{font-size:59px}<\/style><h2 class=\"elementor-heading-title elementor-size-default\">N\u00eb Natural Pool &amp; Spa, ne besojm\u00eb n\u00eb imazhin e relaksimit dhe udh\u00ebzimit p\u00ebr t\u00eb p\u00ebrmbushur nevojat tuaja dhe t\u00eb ndihemi t\u00eb sigurt se q\u00ebllimi yn\u00eb \u00ebsht\u00eb q\u00eb interesi juaj m\u00eb i mir\u00eb \u00ebsht\u00eb n\u00eb duart tona.<\/h2>\t\t<\/div>\n\t\t\t\t<\/div>\n\t\t\t\t\t<\/div>\n\t\t<\/div>\n\t\t\t\t\t\t\t<\/div>\n\t\t<\/section>\n\t\t\t\t<section class=\"elementor-section elementor-top-section elementor-element elementor-element-585a8cab elementor-section-boxed elementor-section-height-default elementor-section-height-default\" data-id=\"585a8cab\" data-element_type=\"section\">\n\t\t\t\t\t\t<div class=\"elementor-container elementor-column-gap-default\">\n\t\t\t\t\t<div class=\"elementor-column elementor-col-100 elementor-top-column elementor-element elementor-element-103482f\" data-id=\"103482f\" data-element_type=\"column\">\n\t\t\t<div class=\"elementor-widget-wrap elementor-element-populated\">\n\t\t\t\t\t\t\t\t<div class=\"elementor-element elementor-element-6aa965cb elementor-widget elementor-widget-text-editor\" data-id=\"6aa965cb\" data-element_type=\"widget\" data-widget_type=\"text-editor.default\">\n\t\t\t\t<div class=\"elementor-widget-container\">\n\t\t\t<style>\/*! elementor - v3.18.0 - 20-12-2023 *\/\n.elementor-widget-text-editor.elementor-drop-cap-view-stacked .elementor-drop-cap{background-color:#69727d;color:#fff}.elementor-widget-text-editor.elementor-drop-cap-view-framed .elementor-drop-cap{color:#69727d;border:3px solid;background-color:transparent}.elementor-widget-text-editor:not(.elementor-drop-cap-view-default) .elementor-drop-cap{margin-top:8px}.elementor-widget-text-editor:not(.elementor-drop-cap-view-default) .elementor-drop-cap-letter{width:1em;height:1em}.elementor-widget-text-editor .elementor-drop-cap{float:left;text-align:center;line-height:1;font-size:50px}.elementor-widget-text-editor .elementor-drop-cap-letter{display:inline-block}<\/style>\t\t\t\t<p>Misioni i qendres ton\u00eb \u00ebsht\u00eb t\u00eb ofroj\u00eb trajtimet m\u00eb t\u00eb mira spa n\u00eb vend, duke trajnuar vazhdimisht stafin. Me k\u00ebto parime, ne shpresojm\u00eb t\u00eb ofrojm\u00eb sh\u00ebrbimin m\u00eb t\u00eb mir\u00eb t\u00eb mundsh\u00ebm, \u00e7do her\u00eb.<\/p><p>Ne mezi presim t&#8217;ju ofrojm\u00eb nj\u00eb p\u00ebrvoj\u00eb spa t\u00eb klasit t\u00eb par\u00eb!<\/p><p>Jet\u00ebt tona mund t\u00eb jen\u00eb plot me p\u00ebrgjegj\u00ebsi dhe strese q\u00eb ndikojn\u00eb n\u00eb disponimin ton\u00eb, duke ulur energjit\u00eb tona dhe duke shterruar trupin ton\u00eb. N\u00eb Natural Pool &amp; Spa, ne kemi antidotin e p\u00ebrsosur p\u00ebr t\u00eb ringjallur shpirtin tuaj, p\u00ebr t\u00eb rinovuar l\u00ebkur\u00ebn tuaj dhe p\u00ebr t\u00eb rigjeneruar trupin tuaj t\u00eb lodhur. Sh\u00ebrbimet q\u00eb ne ofrojm\u00eb jan\u00eb aq relaksuese sa nuk do t\u00eb d\u00ebshironi t\u00eb largoheni. Ata ushqejn\u00eb l\u00ebkur\u00ebn tuaj me antioksidant\u00eb jetik\u00eb, plot\u00ebsojn\u00eb l\u00ebkur\u00ebn e etur dhe eliminojn\u00eb toksinat e d\u00ebmshme. Ju mungon nj\u00eb trajtim i shk\u00eblqyesh\u00ebm n\u00ebse nuk keni p\u00ebrjetuar kurr\u00eb nj\u00eb trajtim spa. Investo ne vet\u00ebn tend. Ju e meritoni!<\/p><p>Natural Pool &amp; Spa\u00a0 \u00ebsht\u00eb nj\u00ebri nd\u00ebr projektet e shumta t\u00eb familjes Rysha. Familje q\u00eb filluan t\u00eb mirren me biznese t\u00eb ndryshme q\u00eb nga viti 1993 me vet\u00ebm 7 puntor\u00eb,num\u00ebr qe tani arrin mbi 500 puntor\u00eb.<\/p><p>Emri Natural \u00ebsht\u00eb tashm\u00eb i njohur p\u00ebr klient\u00ebt pasi q\u00eb pervec qendres SPA e cila \u00ebsht\u00eb hapur n\u00eb sh\u00ebrbim t\u00eb klient\u00ebve nga dhjetori i vitit 2023, njihet p\u00ebr sh\u00ebrbimet nga pjesa e gastronomis\u00eb qe nga viti 2005 ku ofrojm\u00eb sherbime t\u00eb ndryshme si : restaurant me vlera t\u00eb larta,salla t\u00eb konferencave,salla p\u00ebr evente t\u00eb ndryshme si darsma,fejesa dhe ahengje t\u00eb ndryshme dhe market ushqimor\u00eb.Cil\u00ebsia, sakt\u00ebsia dhe sherbimi profesional gjithmon\u00eb kan\u00eb qen\u00eb nj\u00eb nga pikat tona me te forta .<\/p><p>Ekipi yn\u00eb \u00ebsht\u00eb i trajnuar profesionalisht p\u00ebr tu kujdesur p\u00ebr rehatin tuaj dhe p\u00ebr ti plot\u00ebsuar t\u00eb githa nevojat tuaj\u00a0 gjat\u00eb vizit\u00ebs n\u00eb qendr\u00ebn tone.<\/p><p>Jemi t\u00eb hapur t\u00eb pranojm\u00eb cdo k\u00ebshill\u00eb tuaj\u00ebn n\u00eb m\u00ebnyr\u00eb q\u00eb ta b\u00ebjm qendrimin tuaj edhe m\u00eb t\u00eb k\u00ebndsh\u00ebm.<\/p><p>Mezi presim t\u00eb ju mir\u00ebpresim n\u00eb Natural Pool &amp; Spa n\u00eb t\u00eb ardhm\u00ebn e af\u00ebrt.<\/p><div>\u00a0<\/div>\t\t\t\t\t\t<\/div>\n\t\t\t\t<\/div>\n\t\t\t\t\t<\/div>\n\t\t<\/div>\n\t\t\t\t\t\t\t<\/div>\n\t\t<\/section>\n\t\t\t\t<section class=\"elementor-section elementor-top-section elementor-element elementor-element-79f79d4d elementor-section-boxed elementor-section-height-default elementor-section-height-default\" data-id=\"79f79d4d\" data-element_type=\"section\">\n\t\t\t\t\t\t<div class=\"elementor-container elementor-column-gap-default\">\n\t\t\t\t\t<div class=\"elementor-column elementor-col-100 elementor-top-column elementor-element elementor-element-43be7fd9\" data-id=\"43be7fd9\" data-element_type=\"column\">\n\t\t\t<div class=\"elementor-widget-wrap elementor-element-populated\">\n\t\t\t\t\t\t\t\t<div class=\"elementor-element elementor-element-6db59b93 elementor-widget elementor-widget-qi_addons_for_elementor_image_gallery_masonry\" data-id=\"6db59b93\" data-element_type=\"widget\" data-widget_type=\"qi_addons_for_elementor_image_gallery_masonry.default\">\n\t\t\t\t<div class=\"elementor-widget-container\">\n\t\t\t<div class=\"qodef-shortcode qodef-m  qodef-qi-image-gallery-masonry qodef-qi-fslightbox-popup qodef-popup-gallery qodef-image--hover-zoom qodef-image--hover-from-top qodef-qi-grid qodef-layout--qi-masonry qodef-items--fixed qodef-col-num--3   qodef-responsive--predefined\">\n\t<div class=\"qodef-grid-inner\">\n\t\t\t<div class=\"qodef-qi-grid-masonry-sizer\"><\/div>\n<div class=\"qodef-e qodef-image-wrapper qodef-grid-item qodef-item--\">\n\t<div class=\"qodef-e-inner\">\n\t\t\t\t\t<a class=\"qodef-popup-item\" itemprop=\"image\" href=\"https:\/\/natural-ks.com\/wp-content\/uploads\/2023\/12\/pool.jpg\" data-type=\"image\" data-fslightbox=\"gallery-1\">\n\t\t\t\t\t<img fetchpriority=\"high\" decoding=\"async\" width=\"1620\" height=\"1080\" src=\"https:\/\/natural-ks.com\/wp-content\/uploads\/2023\/12\/pool.jpg\" class=\"attachment- size-\" alt=\"\" srcset=\"https:\/\/natural-ks.com\/wp-content\/uploads\/2023\/12\/pool.jpg 1620w, https:\/\/natural-ks.com\/wp-content\/uploads\/2023\/12\/pool-300x200.jpg 300w, https:\/\/natural-ks.com\/wp-content\/uploads\/2023\/12\/pool-1024x683.jpg 1024w, https:\/\/natural-ks.com\/wp-content\/uploads\/2023\/12\/pool-768x512.jpg 768w, https:\/\/natural-ks.com\/wp-content\/uploads\/2023\/12\/pool-825x550.jpg 825w, https:\/\/natural-ks.com\/wp-content\/uploads\/2023\/12\/pool-1060x707.jpg 1060w, https:\/\/natural-ks.com\/wp-content\/uploads\/2023\/12\/pool-1536x1024.jpg 1536w, https:\/\/natural-ks.com\/wp-content\/uploads\/2023\/12\/pool-550x367.jpg 550w, https:\/\/natural-ks.com\/wp-content\/uploads\/2023\/12\/pool-750x500.jpg 750w, https:\/\/natural-ks.com\/wp-content\/uploads\/2023\/12\/pool-600x400.jpg 600w\" sizes=\"(max-width: 1620px) 100vw, 1620px\" \/>\t\t\t\t\t<\/a>\n\t\t\t<\/div>\n<\/div>\n<div class=\"qodef-e qodef-image-wrapper qodef-grid-item qodef-item--\">\n\t<div class=\"qodef-e-inner\">\n\t\t\t\t\t<a class=\"qodef-popup-item\" itemprop=\"image\" href=\"https:\/\/natural-ks.com\/wp-content\/uploads\/2023\/12\/premium-area.jpg\" data-type=\"image\" data-fslightbox=\"gallery-1\">\n\t\t\t\t\t<img decoding=\"async\" width=\"1620\" height=\"1080\" src=\"https:\/\/natural-ks.com\/wp-content\/uploads\/2023\/12\/premium-area.jpg\" class=\"attachment- size-\" alt=\"\" srcset=\"https:\/\/natural-ks.com\/wp-content\/uploads\/2023\/12\/premium-area.jpg 1620w, https:\/\/natural-ks.com\/wp-content\/uploads\/2023\/12\/premium-area-300x200.jpg 300w, https:\/\/natural-ks.com\/wp-content\/uploads\/2023\/12\/premium-area-1024x683.jpg 1024w, https:\/\/natural-ks.com\/wp-content\/uploads\/2023\/12\/premium-area-768x512.jpg 768w, https:\/\/natural-ks.com\/wp-content\/uploads\/2023\/12\/premium-area-825x550.jpg 825w, https:\/\/natural-ks.com\/wp-content\/uploads\/2023\/12\/premium-area-1060x707.jpg 1060w, https:\/\/natural-ks.com\/wp-content\/uploads\/2023\/12\/premium-area-1536x1024.jpg 1536w, https:\/\/natural-ks.com\/wp-content\/uploads\/2023\/12\/premium-area-550x367.jpg 550w, https:\/\/natural-ks.com\/wp-content\/uploads\/2023\/12\/premium-area-750x500.jpg 750w, https:\/\/natural-ks.com\/wp-content\/uploads\/2023\/12\/premium-area-600x400.jpg 600w\" sizes=\"(max-width: 1620px) 100vw, 1620px\" \/>\t\t\t\t\t<\/a>\n\t\t\t<\/div>\n<\/div>\n<div class=\"qodef-e qodef-image-wrapper qodef-grid-item qodef-item--\">\n\t<div class=\"qodef-e-inner\">\n\t\t\t\t\t<a class=\"qodef-popup-item\" itemprop=\"image\" href=\"https:\/\/natural-ks.com\/wp-content\/uploads\/2023\/12\/home-02.jpg\" data-type=\"image\" data-fslightbox=\"gallery-1\">\n\t\t\t\t\t<img decoding=\"async\" width=\"1920\" height=\"1080\" src=\"https:\/\/natural-ks.com\/wp-content\/uploads\/2023\/12\/home-02.jpg\" class=\"attachment- size-\" alt=\"\" srcset=\"https:\/\/natural-ks.com\/wp-content\/uploads\/2023\/12\/home-02.jpg 1920w, https:\/\/natural-ks.com\/wp-content\/uploads\/2023\/12\/home-02-300x169.jpg 300w, https:\/\/natural-ks.com\/wp-content\/uploads\/2023\/12\/home-02-1024x576.jpg 1024w, https:\/\/natural-ks.com\/wp-content\/uploads\/2023\/12\/home-02-768x432.jpg 768w, https:\/\/natural-ks.com\/wp-content\/uploads\/2023\/12\/home-02-978x550.jpg 978w, https:\/\/natural-ks.com\/wp-content\/uploads\/2023\/12\/home-02-1060x596.jpg 1060w, https:\/\/natural-ks.com\/wp-content\/uploads\/2023\/12\/home-02-1536x864.jpg 1536w, https:\/\/natural-ks.com\/wp-content\/uploads\/2023\/12\/home-02-550x309.jpg 550w, https:\/\/natural-ks.com\/wp-content\/uploads\/2023\/12\/home-02-889x500.jpg 889w, https:\/\/natural-ks.com\/wp-content\/uploads\/2023\/12\/home-02-600x338.jpg 600w\" sizes=\"(max-width: 1920px) 100vw, 1920px\" \/>\t\t\t\t\t<\/a>\n\t\t\t<\/div>\n<\/div>\n<div class=\"qodef-e qodef-image-wrapper qodef-grid-item qodef-item--\">\n\t<div class=\"qodef-e-inner\">\n\t\t\t\t\t<a class=\"qodef-popup-item\" itemprop=\"image\" href=\"https:\/\/natural-ks.com\/wp-content\/uploads\/2023\/12\/home-01.jpg\" data-type=\"image\" data-fslightbox=\"gallery-1\">\n\t\t\t\t\t<img loading=\"lazy\" decoding=\"async\" width=\"1920\" height=\"1080\" src=\"https:\/\/natural-ks.com\/wp-content\/uploads\/2023\/12\/home-01.jpg\" class=\"attachment- size-\" alt=\"\" srcset=\"https:\/\/natural-ks.com\/wp-content\/uploads\/2023\/12\/home-01.jpg 1920w, https:\/\/natural-ks.com\/wp-content\/uploads\/2023\/12\/home-01-300x169.jpg 300w, https:\/\/natural-ks.com\/wp-content\/uploads\/2023\/12\/home-01-1024x576.jpg 1024w, https:\/\/natural-ks.com\/wp-content\/uploads\/2023\/12\/home-01-768x432.jpg 768w, https:\/\/natural-ks.com\/wp-content\/uploads\/2023\/12\/home-01-978x550.jpg 978w, https:\/\/natural-ks.com\/wp-content\/uploads\/2023\/12\/home-01-1060x596.jpg 1060w, https:\/\/natural-ks.com\/wp-content\/uploads\/2023\/12\/home-01-1536x864.jpg 1536w, https:\/\/natural-ks.com\/wp-content\/uploads\/2023\/12\/home-01-550x309.jpg 550w, https:\/\/natural-ks.com\/wp-content\/uploads\/2023\/12\/home-01-889x500.jpg 889w, https:\/\/natural-ks.com\/wp-content\/uploads\/2023\/12\/home-01-600x338.jpg 600w\" sizes=\"(max-width: 1920px) 100vw, 1920px\" \/>\t\t\t\t\t<\/a>\n\t\t\t<\/div>\n<\/div>\n<div class=\"qodef-e qodef-image-wrapper qodef-grid-item qodef-item--\">\n\t<div class=\"qodef-e-inner\">\n\t\t\t\t\t<a class=\"qodef-popup-item\" itemprop=\"image\" href=\"https:\/\/natural-ks.com\/wp-content\/uploads\/2023\/12\/home-06.jpg\" data-type=\"image\" data-fslightbox=\"gallery-1\">\n\t\t\t\t\t<img loading=\"lazy\" decoding=\"async\" width=\"1920\" height=\"1080\" src=\"https:\/\/natural-ks.com\/wp-content\/uploads\/2023\/12\/home-06.jpg\" class=\"attachment- size-\" alt=\"\" srcset=\"https:\/\/natural-ks.com\/wp-content\/uploads\/2023\/12\/home-06.jpg 1920w, https:\/\/natural-ks.com\/wp-content\/uploads\/2023\/12\/home-06-300x169.jpg 300w, https:\/\/natural-ks.com\/wp-content\/uploads\/2023\/12\/home-06-1024x576.jpg 1024w, https:\/\/natural-ks.com\/wp-content\/uploads\/2023\/12\/home-06-768x432.jpg 768w, https:\/\/natural-ks.com\/wp-content\/uploads\/2023\/12\/home-06-978x550.jpg 978w, https:\/\/natural-ks.com\/wp-content\/uploads\/2023\/12\/home-06-1060x596.jpg 1060w, https:\/\/natural-ks.com\/wp-content\/uploads\/2023\/12\/home-06-1536x864.jpg 1536w, https:\/\/natural-ks.com\/wp-content\/uploads\/2023\/12\/home-06-550x309.jpg 550w, https:\/\/natural-ks.com\/wp-content\/uploads\/2023\/12\/home-06-889x500.jpg 889w, https:\/\/natural-ks.com\/wp-content\/uploads\/2023\/12\/home-06-600x338.jpg 600w\" sizes=\"(max-width: 1920px) 100vw, 1920px\" \/>\t\t\t\t\t<\/a>\n\t\t\t<\/div>\n<\/div>\n<div class=\"qodef-e qodef-image-wrapper qodef-grid-item qodef-item--\">\n\t<div class=\"qodef-e-inner\">\n\t\t\t\t\t<a class=\"qodef-popup-item\" itemprop=\"image\" href=\"https:\/\/natural-ks.com\/wp-content\/uploads\/2023\/12\/home-04.jpg\" data-type=\"image\" data-fslightbox=\"gallery-1\">\n\t\t\t\t\t<img loading=\"lazy\" decoding=\"async\" width=\"1920\" height=\"1080\" src=\"https:\/\/natural-ks.com\/wp-content\/uploads\/2023\/12\/home-04.jpg\" class=\"attachment- size-\" alt=\"\" srcset=\"https:\/\/natural-ks.com\/wp-content\/uploads\/2023\/12\/home-04.jpg 1920w, https:\/\/natural-ks.com\/wp-content\/uploads\/2023\/12\/home-04-300x169.jpg 300w, https:\/\/natural-ks.com\/wp-content\/uploads\/2023\/12\/home-04-1024x576.jpg 1024w, https:\/\/natural-ks.com\/wp-content\/uploads\/2023\/12\/home-04-768x432.jpg 768w, https:\/\/natural-ks.com\/wp-content\/uploads\/2023\/12\/home-04-978x550.jpg 978w, https:\/\/natural-ks.com\/wp-content\/uploads\/2023\/12\/home-04-1060x596.jpg 1060w, https:\/\/natural-ks.com\/wp-content\/uploads\/2023\/12\/home-04-1536x864.jpg 1536w, https:\/\/natural-ks.com\/wp-content\/uploads\/2023\/12\/home-04-550x309.jpg 550w, https:\/\/natural-ks.com\/wp-content\/uploads\/2023\/12\/home-04-889x500.jpg 889w, https:\/\/natural-ks.com\/wp-content\/uploads\/2023\/12\/home-04-600x338.jpg 600w\" sizes=\"(max-width: 1920px) 100vw, 1920px\" \/>\t\t\t\t\t<\/a>\n\t\t\t<\/div>\n<\/div>\n\t<\/div>\n<\/div>\n\t\t<\/div>\n\t\t\t\t<\/div>\n\t\t\t\t\t<\/div>\n\t\t<\/div>\n\t\t\t\t\t\t\t<\/div>\n\t\t<\/section>\n\t\t\t\t\t\t\t<\/div>\n\t\t","protected":false},"excerpt":{"rendered":"<p>P\u00ebr ne \/*! elementor &#8211; v3.18.0 &#8211; 20-12-2023 *\/ .elementor-heading-title{padding:0;margin:0;line-height:1}.elementor-widget-heading .elementor-heading-title[class*=elementor-size-]&gt;a{color:inherit;font-size:inherit;line-height:inherit}.elementor-widget-heading .elementor-heading-title.elementor-size-small{font-size:15px}.elementor-widget-heading .elementor-heading-title.elementor-size-medium{font-size:19px}.elementor-widget-heading .elementor-heading-title.elementor-size-large{font-size:29px}.elementor-widget-heading .elementor-heading-title.elementor-size-xl{font-size:39px}.elementor-widget-heading .elementor-heading-title.elementor-size-xxl{font-size:59px} N\u00eb Natural Pool &amp; Spa, ne besojm\u00eb n\u00eb imazhin e relaksimit dhe udh\u00ebzimit p\u00ebr t\u00eb p\u00ebrmbushur nevojat tuaja dhe t\u00eb ndihemi t\u00eb sigurt se q\u00ebllimi yn\u00eb \u00ebsht\u00eb q\u00eb interesi juaj m\u00eb i mir\u00eb \u00ebsht\u00eb n\u00eb duart tona. Misioni i qendres ton\u00eb \u00ebsht\u00eb t\u00eb ofroj\u00eb trajtimet m\u00eb t\u00eb mira spa&#8230; <\/p>\n<p class=\"more\"><a class=\"more-link\" href=\"https:\/\/natural-ks.com\/sq\/per-ne\/\">Read More<\/a><\/p>\n","protected":false},"author":1,"featured_media":0,"parent":0,"menu_order":0,"comment_status":"closed","ping_status":"closed","template":"elementor_header_footer","meta":{"inline_featured_image":false,"footnotes":""},"class_list":["post-10546","page","type-page","status-publish","hentry","is-cat-link-borders-light is-cat-link-rounded"],"aioseo_notices":[],"jetpack_sharing_enabled":true,"_links":{"self":[{"href":"https:\/\/natural-ks.com\/sq\/wp-json\/wp\/v2\/pages\/10546","targetHints":{"allow":["GET"]}}],"collection":[{"href":"https:\/\/natural-ks.com\/sq\/wp-json\/wp\/v2\/pages"}],"about":[{"href":"https:\/\/natural-ks.com\/sq\/wp-json\/wp\/v2\/types\/page"}],"author":[{"embeddable":true,"href":"https:\/\/natural-ks.com\/sq\/wp-json\/wp\/v2\/users\/1"}],"replies":[{"embeddable":true,"href":"https:\/\/natural-ks.com\/sq\/wp-json\/wp\/v2\/comments?post=10546"}],"version-history":[{"count":10,"href":"https:\/\/natural-ks.com\/sq\/wp-json\/wp\/v2\/pages\/10546\/revisions"}],"predecessor-version":[{"id":10812,"href":"https:\/\/natural-ks.com\/sq\/wp-json\/wp\/v2\/pages\/10546\/revisions\/10812"}],"wp:attachment":[{"href":"https:\/\/natural-ks.com\/sq\/wp-json\/wp\/v2\/media?parent=10546"}],"curies":[{"name":"wp","href":"https:\/\/api.w.org\/{rel}","templated":true}]}}